{"id":7468,"date":"2023-08-05T07:40:54","date_gmt":"2023-08-05T07:40:54","guid":{"rendered":"https:\/\/www.easykit.be\/orientations\/"},"modified":"2023-12-26T10:48:47","modified_gmt":"2023-12-26T10:48:47","slug":"assistance","status":"publish","type":"page","link":"https:\/\/www.easykit.be\/fr\/assistance\/","title":{"rendered":"Assistance"},"content":{"rendered":"<p>[et_pb_section fb_built=&#8221;1&#8243; custom_padding_last_edited=&#8221;on|desktop&#8221; admin_label=&#8221;Intro&#8221; module_class=&#8221;_intro-section&#8221; _builder_version=&#8221;4.22.1&#8243; _module_preset=&#8221;default&#8221; background_color=&#8221;#F8FAFF&#8221; background_image=&#8221;\/wp-content\/themes\/Divi\/images\/background_dots_blue.svg&#8221; background_size=&#8221;contain&#8221; background_position=&#8221;bottom_center&#8221; background_repeat=&#8221;repeat-x&#8221; min_height=&#8221;300px&#8221; min_height_tablet=&#8221;300px&#8221; min_height_phone=&#8221;200px&#8221; min_height_last_edited=&#8221;on|phone&#8221; custom_padding=&#8221;10rem||7rem||false|false&#8221; custom_padding_tablet=&#8221;7rem||4rem||false|false&#8221; custom_padding_phone=&#8221;4rem||3rem||false|false&#8221; top_divider_color=&#8221;#F4980F&#8221; bottom_divider_style=&#8221;slant&#8221; bottom_divider_color=&#8221;#FFFFFF&#8221; bottom_divider_height=&#8221;60px&#8221; bottom_divider_height_tablet=&#8221;30px&#8221; bottom_divider_height_phone=&#8221;0px&#8221; bottom_divider_height_last_edited=&#8221;on|phone&#8221; locked=&#8221;off&#8221; global_colors_info=&#8221;{}&#8221;][et_pb_row custom_padding_last_edited=&#8221;on|phone&#8221; admin_label=&#8221;title row&#8221; module_class=&#8221;uw-row&#8221; _builder_version=&#8221;4.22.1&#8243; _module_preset=&#8221;default&#8221; width=&#8221;100%&#8221; max_width=&#8221;1200px&#8221; custom_padding=&#8221;|30px|0px|30px|false|false&#8221; custom_padding_tablet=&#8221;|30px||30px|false|false&#8221; custom_padding_phone=&#8221;|20px|0px|20px|false|false&#8221; custom_css_main_element=&#8221;display: flex;||align-items: center;&#8221; global_colors_info=&#8221;{}&#8221;][et_pb_column type=&#8221;4_4&#8243; _builder_version=&#8221;4.21.0&#8243; _module_preset=&#8221;default&#8221; global_colors_info=&#8221;{}&#8221;][et_pb_text module_class=&#8221;title-1 js-fade-in&#8221; _builder_version=&#8221;4.22.1&#8243; _module_preset=&#8221;f9f6c1a9-a132-4d22-b474-298a7741df92&#8243; header_text_align=&#8221;center&#8221; header_text_color=&#8221;#00569D&#8221; header_font_size=&#8221;72px&#8221; max_width=&#8221;900px&#8221; module_alignment=&#8221;center&#8221; custom_margin=&#8221;||1.3rem||false|false&#8221; custom_margin_tablet=&#8221;||0rem||false|false&#8221; custom_margin_phone=&#8221;||0rem||false|false&#8221; custom_margin_last_edited=&#8221;on|tablet&#8221; global_colors_info=&#8221;{}&#8221;]<\/p>\n<h1><span>Accompagnement<\/span><\/h1>\n<p>[\/et_pb_text][et_pb_text module_class=&#8221;title-1 js-fade-in&#8221; _builder_version=&#8221;4.22.1&#8243; _module_preset=&#8221;f9f6c1a9-a132-4d22-b474-298a7741df92&#8243; header_text_align=&#8221;center&#8221; header_text_color=&#8221;#00569D&#8221; header_font_size=&#8221;72px&#8221; text_orientation=&#8221;center&#8221; max_width=&#8221;700px&#8221; module_alignment=&#8221;center&#8221; custom_margin=&#8221;||1.3rem||false|false&#8221; custom_margin_tablet=&#8221;||0rem||false|false&#8221; custom_margin_phone=&#8221;||0rem||false|false&#8221; custom_margin_last_edited=&#8221;on|tablet&#8221; global_colors_info=&#8221;{}&#8221;]<\/p>\n<p><span>L&#8217;autoconstruction avec accompagnement, c&#8217;est notre ADN. Nous avons \u00e9t\u00e9 le premier acteur du march\u00e9 \u00e0 proposer des formules d&#8217;autoconstruction avec accompagnement. Notre accompagnement s&#8217;est d\u00e9velopp\u00e9 en m\u00eame temps que nos clients. Nous sommes les professionnels et nos clients sont les apprentis sur leur propre chantier. Nos clients sont capables de r\u00e9aliser eux-m\u00eames les travaux simples, tandis que les travaux plus difficiles sont r\u00e9alis\u00e9s ensemble. Succ\u00e8s garanti !<\/span><\/p>\n<p>[\/et_pb_text][\/et_pb_column][\/et_pb_row][\/et_pb_section][et_pb_section fb_built=&#8221;1&#8243; custom_padding_last_edited=&#8221;on|tablet&#8221; admin_label=&#8221;Section&#8221; _builder_version=&#8221;4.22.1&#8243; _module_preset=&#8221;default&#8221; background_color=&#8221;RGBA(255,255,255,0)&#8221; custom_margin=&#8221;-6rem||||false|false&#8221; custom_margin_tablet=&#8221;-4.5rem||||false|false&#8221; custom_margin_phone=&#8221;-4.5rem||||false|false&#8221; custom_margin_last_edited=&#8221;on|phone&#8221; custom_padding=&#8221;0px||2rem||false|false&#8221; custom_padding_tablet=&#8221;2rem||2rem||false|false&#8221; custom_padding_phone=&#8221;2rem||2rem||false|false&#8221; locked=&#8221;off&#8221; global_colors_info=&#8221;{}&#8221;][et_pb_row column_structure=&#8221;1_2,1_2&#8243; custom_padding_last_edited=&#8221;on|phone&#8221; module_id=&#8221;s-verwarming&#8221; module_class=&#8221;uw-row&#8221; _builder_version=&#8221;4.22.1&#8243; _module_preset=&#8221;default&#8221; z_index=&#8221;2&#8243; width=&#8221;100%&#8221; max_width=&#8221;1200px&#8221; custom_padding=&#8221;3rem|30px|3rem|30px|false|false&#8221; custom_padding_tablet=&#8221;2rem|30px|3rem|30px|false|false&#8221; custom_padding_phone=&#8221;1.2rem|20px|1.2rem|20px|false|false&#8221; custom_css_main_element=&#8221;display: flex;||align-items: center;&#8221; locked=&#8221;off&#8221; global_colors_info=&#8221;{}&#8221; custom_css_main_element_last_edited=&#8221;on|phone&#8221; custom_css_main_element_phone=&#8221;display: flex;||align-items: center;||flex-direction: column;&#8221; custom_css_main_element_tablet=&#8221;display: flex;||align-items: center;&#8221;][et_pb_column type=&#8221;1_2&#8243; _builder_version=&#8221;4.22.1&#8243; _module_preset=&#8221;default&#8221; custom_padding_tablet=&#8221;&#8221; custom_padding_phone=&#8221;||1.8rem||false|false&#8221; custom_padding_last_edited=&#8221;on|phone&#8221; custom_css_main_element=&#8221;margin-bottom: 0!important;&#8221; global_colors_info=&#8221;{}&#8221;][dsm_block_reveal_image src=&#8221;https:\/\/www.easykit.be\/wp-content\/uploads\/2023\/09\/onze_geschiedenis_visual_3.jpg&#8221; title_text=&#8221;onze_geschiedenis_visual_3&#8243; block_reveal_color=&#8221;#D4310F&#8221; module_class=&#8221;image-frame image-frame_one-side image-frame__red js-fade-in&#8221; _builder_version=&#8221;4.22.1&#8243; _module_preset=&#8221;2c2db7e3-871c-491d-ab38-5a453f3e6caf&#8221; min_height=&#8221;580px&#8221; min_height_tablet=&#8221;420px&#8221; min_height_phone=&#8221;270px&#8221; min_height_last_edited=&#8221;on|phone&#8221; height=&#8221;35vw&#8221; max_height=&#8221;650px&#8221; max_height_tablet=&#8221;550px&#8221; max_height_phone=&#8221;400px&#8221; max_height_last_edited=&#8221;on|tablet&#8221; global_colors_info=&#8221;{}&#8221;][\/dsm_block_reveal_image][\/et_pb_column][et_pb_column type=&#8221;1_2&#8243; _builder_version=&#8221;4.22.1&#8243; _module_preset=&#8221;default&#8221; custom_padding=&#8221;|||1vw|false|false&#8221; custom_padding_tablet=&#8221;|||3rem|false|false&#8221; custom_padding_phone=&#8221;|||20px|false|false&#8221; custom_padding_last_edited=&#8221;on|tablet&#8221; custom_css_main_element=&#8221;margin-bottom: 0!important;&#8221; global_colors_info=&#8221;{}&#8221;][et_pb_text module_class=&#8221;title-3 js-fade-in&#8221; _builder_version=&#8221;4.22.1&#8243; _module_preset=&#8221;f9f6c1a9-a132-4d22-b474-298a7741df92&#8243; header_2_text_align=&#8221;left&#8221; header_2_text_color=&#8221;#D4310F&#8221; custom_margin=&#8221;||1rem||false|false&#8221; custom_margin_tablet=&#8221;||0.5rem||false|false&#8221; custom_margin_phone=&#8221;||0.3rem||false|false&#8221; custom_margin_last_edited=&#8221;on|tablet&#8221; global_colors_info=&#8221;{}&#8221;]<\/p>\n<h3><span>Votre expert<\/span><\/h3>\n<p>[\/et_pb_text][et_pb_text module_class=&#8221;js-fade-in&#8221; _builder_version=&#8221;4.22.1&#8243; _module_preset=&#8221;f9f6c1a9-a132-4d22-b474-298a7741df92&#8243; max_width=&#8221;480px&#8221; max_width_tablet=&#8221;100%&#8221; max_width_phone=&#8221;100%&#8221; max_width_last_edited=&#8221;on|tablet&#8221; custom_margin=&#8221;||2rem||false|false&#8221; custom_margin_tablet=&#8221;||2rem||false|false&#8221; custom_margin_phone=&#8221;||1.5rem||false|false&#8221; custom_margin_last_edited=&#8221;on|phone&#8221; global_colors_info=&#8221;{}&#8221;]<\/p>\n<p><span>Nos techniciens Easykit se rendent sur place pour effectuer l&#8217;inspection finale et la mise en service. Vous pouvez \u00e9galement les r\u00e9server pour quelques jours pendant les travaux pour une assistance sur le chantier. M\u00eame apr\u00e8s l&#8217;installation, vous pouvez compter sur nos techniciens, par exemple pour l&#8217;entretien ou la r\u00e9paration de vos appareils. Easykit offre un service d&#8217;autoconstruction complet. Et tout cela aux prix les plus <br \/>bas !<\/span><\/p>\n<p>[\/et_pb_text][et_pb_button button_url=&#8221;@ET-DC@eyJkeW5hbWljIjp0cnVlLCJjb250ZW50IjoicG9zdF9saW5rX3VybF9wYWdlIiwic2V0dGluZ3MiOnsicG9zdF9pZCI6IjMxMSJ9fQ==@&#8221; button_text=&#8221;Voir nos artisans&#8221; _builder_version=&#8221;4.22.1&#8243; _dynamic_attributes=&#8221;button_url&#8221; _module_preset=&#8221;ab602863-52c9-417d-83d7-15c49c0936cd&#8221; global_colors_info=&#8221;{}&#8221;][\/et_pb_button][\/et_pb_column][\/et_pb_row][et_pb_row column_structure=&#8221;1_2,1_2&#8243; custom_padding_last_edited=&#8221;on|phone&#8221; module_id=&#8221;s-ventilatie&#8221; module_class=&#8221;uw-row&#8221; _builder_version=&#8221;4.22.1&#8243; _module_preset=&#8221;default&#8221; z_index=&#8221;2&#8243; width=&#8221;100%&#8221; max_width=&#8221;1200px&#8221; custom_padding=&#8221;3rem|30px|3rem|30px|false|false&#8221; custom_padding_tablet=&#8221;2rem|30px|3rem|30px|false|false&#8221; custom_padding_phone=&#8221;1.2rem|20px|1.2rem|20px|false|false&#8221; custom_css_main_element=&#8221;display: flex;||align-items: center;&#8221; locked=&#8221;off&#8221; global_colors_info=&#8221;{}&#8221; custom_css_main_element_last_edited=&#8221;on|phone&#8221; custom_css_main_element_phone=&#8221;display: flex;||align-items: center;||flex-direction: column;&#8221; custom_css_main_element_tablet=&#8221;display: flex;||align-items: center;&#8221;][et_pb_column type=&#8221;1_2&#8243; _builder_version=&#8221;4.22.1&#8243; _module_preset=&#8221;default&#8221; custom_padding=&#8221;|1vw|||false|false&#8221; custom_padding_tablet=&#8221;|3rem|||false|false&#8221; custom_padding_phone=&#8221;|0rem||20px|false|false&#8221; custom_padding_last_edited=&#8221;on|tablet&#8221; global_colors_info=&#8221;{}&#8221; custom_css_main_element_last_edited=&#8221;on|phone&#8221; custom_css_main_element_phone=&#8221;order: 2;||margin-bottom: 0!important;&#8221; custom_css_main_element_tablet=&#8221;margin-bottom: 0!important;&#8221;][et_pb_text module_class=&#8221;title-3 js-fade-in&#8221; _builder_version=&#8221;4.22.1&#8243; _module_preset=&#8221;f9f6c1a9-a132-4d22-b474-298a7741df92&#8243; header_2_text_align=&#8221;left&#8221; header_2_text_color=&#8221;#81BC43&#8243; custom_margin=&#8221;||1rem||false|false&#8221; custom_margin_tablet=&#8221;||0.5rem||false|false&#8221; custom_margin_phone=&#8221;||0.3rem||false|false&#8221; custom_margin_last_edited=&#8221;on|tablet&#8221; global_colors_info=&#8221;{}&#8221;]<\/p>\n<h3><span>Votre coach en autoconstruction<\/span><\/h3>\n<p>[\/et_pb_text][et_pb_text module_class=&#8221;js-fade-in&#8221; _builder_version=&#8221;4.22.1&#8243; _module_preset=&#8221;f9f6c1a9-a132-4d22-b474-298a7741df92&#8243; max_width=&#8221;480px&#8221; max_width_tablet=&#8221;100%&#8221; max_width_phone=&#8221;100%&#8221; max_width_last_edited=&#8221;on|phone&#8221; custom_margin=&#8221;||2rem||false|false&#8221; custom_margin_tablet=&#8221;||2rem||false|false&#8221; custom_margin_phone=&#8221;||1.5rem||false|false&#8221; custom_margin_last_edited=&#8221;on|phone&#8221; global_colors_info=&#8221;{}&#8221;]<\/p>\n<p><span>Easykit r\u00e9fl\u00e9chit avec vous. Vous \u00eates accompagn\u00e9 personnellement par un sp\u00e9cialiste exp\u00e9riment\u00e9 de l&#8217;autoconstruction. Il vous donne des conseils, il fait une \u00e9tude et il est pr\u00eat \u00e0 vous aider \u00e0 tout moment dans votre projet de construction. De plus, Easykit vous offre une formation et de nombreux outils pratiques : vid\u00e9o, livrets d&#8217;instructions, outils gratuits, etc. et tout cela aux prix les plus bas !<\/span><\/p>\n<p>[\/et_pb_text][et_pb_button button_url=&#8221;@ET-DC@eyJkeW5hbWljIjp0cnVlLCJjb250ZW50IjoicG9zdF9saW5rX3VybF9wYWdlIiwic2V0dGluZ3MiOnsicG9zdF9pZCI6IjMxNSJ9fQ==@&#8221; button_text=&#8221;VOIR VOTRE COACH EN AUTOCONSTRUCTION&#8221; _builder_version=&#8221;4.22.1&#8243; _dynamic_attributes=&#8221;button_url&#8221; _module_preset=&#8221;ab602863-52c9-417d-83d7-15c49c0936cd&#8221; locked=&#8221;off&#8221; global_colors_info=&#8221;{}&#8221;][\/et_pb_button][\/et_pb_column][et_pb_column type=&#8221;1_2&#8243; _builder_version=&#8221;4.22.1&#8243; _module_preset=&#8221;default&#8221; custom_padding_tablet=&#8221;&#8221; custom_padding_phone=&#8221;||1.8rem||false|false&#8221; custom_padding_last_edited=&#8221;on|phone&#8221; custom_css_main_element=&#8221;margin-bottom: 0!important;&#8221; global_colors_info=&#8221;{}&#8221; custom_css_main_element_last_edited=&#8221;on|phone&#8221; custom_css_main_element_phone=&#8221;margin-bottom: 0!important;||order: 1;&#8221; custom_css_main_element_tablet=&#8221;margin-bottom: 0!important;&#8221;][dsm_block_reveal_image src=&#8221;https:\/\/www.easykit.be\/wp-content\/uploads\/2023\/09\/onze_geschiedenis_visual_2.jpg&#8221; title_text=&#8221;onze_geschiedenis_visual_2&#8243; module_class=&#8221;image-frame image-frame_one-side image-frame__blue js-fade-in&#8221; _builder_version=&#8221;4.22.1&#8243; _module_preset=&#8221;2c2db7e3-871c-491d-ab38-5a453f3e6caf&#8221; min_height=&#8221;580px&#8221; min_height_tablet=&#8221;420px&#8221; min_height_phone=&#8221;270px&#8221; min_height_last_edited=&#8221;on|tablet&#8221; height=&#8221;35vw&#8221; max_height=&#8221;650px&#8221; max_height_tablet=&#8221;550px&#8221; max_height_phone=&#8221;400px&#8221; max_height_last_edited=&#8221;on|tablet&#8221; global_colors_info=&#8221;{}&#8221;][\/dsm_block_reveal_image][\/et_pb_column][\/et_pb_row][\/et_pb_section]<\/p>\n","protected":false},"excerpt":{"rendered":"<p>AccompagnementL&#8217;autoconstruction avec accompagnement, c&#8217;est notre ADN. Nous avons \u00e9t\u00e9 le premier acteur du march\u00e9 \u00e0 proposer des formules d&#8217;autoconstruction avec accompagnement. Notre accompagnement s&#8217;est d\u00e9velopp\u00e9 en m\u00eame temps que nos clients. Nous sommes les professionnels et nos clients sont les apprentis sur leur propre chantier. Nos clients sont capables de r\u00e9aliser eux-m\u00eames les travaux simples, [&hellip;]<\/p>\n","protected":false},"author":1,"featured_media":0,"parent":0,"menu_order":0,"comment_status":"closed","ping_status":"closed","template":"","meta":{"_acf_changed":false,"_et_pb_use_builder":"on","_et_pb_old_content":"","_et_gb_content_width":"","inline_featured_image":false,"footnotes":""},"class_list":["post-7468","page","type-page","status-publish","hentry"],"acf":[],"yoast_head":"<!-- This site is optimized with the Yoast SEO Premium plugin v24.4 (Yoast SEO v27.2) - https:\/\/yoast.com\/product\/yoast-seo-premium-wordpress\/ -->\n<title>Assistance - EasyKit<\/title>\n<meta name=\"robots\" content=\"index, follow, max-snippet:-1, max-image-preview:large, max-video-preview:-1\" \/>\n<link rel=\"canonical\" href=\"https:\/\/www.easykit.be\/fr\/assistance\/\" \/>\n<meta property=\"og:locale\" content=\"fr_FR\" \/>\n<meta property=\"og:type\" content=\"article\" \/>\n<meta property=\"og:title\" content=\"Assistance\" \/>\n<meta property=\"og:description\" content=\"AccompagnementL&#039;autoconstruction avec accompagnement, c&#039;est notre ADN. Nous avons \u00e9t\u00e9 le premier acteur du march\u00e9 \u00e0 proposer des formules d&#039;autoconstruction avec accompagnement. Notre accompagnement s&#039;est d\u00e9velopp\u00e9 en m\u00eame temps que nos clients. Nous sommes les professionnels et nos clients sont les apprentis sur leur propre chantier. Nos clients sont capables de r\u00e9aliser eux-m\u00eames les travaux simples, [&hellip;]\" \/>\n<meta property=\"og:site_name\" content=\"EasyKit\" \/>\n<meta property=\"article:publisher\" content=\"https:\/\/www.facebook.com\/Easykitnl\" \/>\n<meta property=\"article:modified_time\" content=\"2023-12-26T10:48:47+00:00\" \/>\n<meta property=\"og:image\" content=\"https:\/\/www.easykit.be\/wp-content\/uploads\/2024\/01\/Site-image.jpg\" \/>\n\t<meta property=\"og:image:width\" content=\"1200\" \/>\n\t<meta property=\"og:image:height\" content=\"675\" \/>\n\t<meta property=\"og:image:type\" content=\"image\/jpeg\" \/>\n<meta name=\"twitter:card\" content=\"summary_large_image\" \/>\n<meta name=\"twitter:site\" content=\"@Easykit2\" \/>\n<meta name=\"twitter:label1\" content=\"Dur\u00e9e de lecture estim\u00e9e\" \/>\n\t<meta name=\"twitter:data1\" content=\"8 minutes\" \/>\n<script type=\"application\/ld+json\" class=\"yoast-schema-graph\">{\"@context\":\"https:\/\/schema.org\",\"@graph\":[{\"@type\":\"WebPage\",\"@id\":\"https:\/\/www.easykit.be\/fr\/assistance\/\",\"url\":\"https:\/\/www.easykit.be\/fr\/assistance\/\",\"name\":\"Assistance - EasyKit\",\"isPartOf\":{\"@id\":\"https:\/\/www.easykit.be\/fr\/#website\"},\"datePublished\":\"2023-08-05T07:40:54+00:00\",\"dateModified\":\"2023-12-26T10:48:47+00:00\",\"breadcrumb\":{\"@id\":\"https:\/\/www.easykit.be\/fr\/assistance\/#breadcrumb\"},\"inLanguage\":\"fr-FR\",\"potentialAction\":[{\"@type\":\"ReadAction\",\"target\":[\"https:\/\/www.easykit.be\/fr\/assistance\/\"]}]},{\"@type\":\"BreadcrumbList\",\"@id\":\"https:\/\/www.easykit.be\/fr\/assistance\/#breadcrumb\",\"itemListElement\":[{\"@type\":\"ListItem\",\"position\":1,\"name\":\"Home\",\"item\":\"https:\/\/www.easykit.be\/fr\/\"},{\"@type\":\"ListItem\",\"position\":2,\"name\":\"Assistance\"}]},{\"@type\":\"WebSite\",\"@id\":\"https:\/\/www.easykit.be\/fr\/#website\",\"url\":\"https:\/\/www.easykit.be\/fr\/\",\"name\":\"EasyKit\",\"description\":\"Slimme zelfbouw\",\"publisher\":{\"@id\":\"https:\/\/www.easykit.be\/fr\/#organization\"},\"alternateName\":\"Slimme zelfbouw\",\"potentialAction\":[{\"@type\":\"SearchAction\",\"target\":{\"@type\":\"EntryPoint\",\"urlTemplate\":\"https:\/\/www.easykit.be\/fr\/?s={search_term_string}\"},\"query-input\":{\"@type\":\"PropertyValueSpecification\",\"valueRequired\":true,\"valueName\":\"search_term_string\"}}],\"inLanguage\":\"fr-FR\"},{\"@type\":\"Organization\",\"@id\":\"https:\/\/www.easykit.be\/fr\/#organization\",\"name\":\"EasyKit\",\"alternateName\":\"Slimme zelfbouw\",\"url\":\"https:\/\/www.easykit.be\/fr\/\",\"logo\":{\"@type\":\"ImageObject\",\"inLanguage\":\"fr-FR\",\"@id\":\"https:\/\/www.easykit.be\/fr\/#\/schema\/logo\/image\/\",\"url\":\"https:\/\/www.easykit.be\/wp-content\/uploads\/2024\/01\/Organization-logo.png\",\"contentUrl\":\"https:\/\/www.easykit.be\/wp-content\/uploads\/2024\/01\/Organization-logo.png\",\"width\":996,\"height\":996,\"caption\":\"EasyKit\"},\"image\":{\"@id\":\"https:\/\/www.easykit.be\/fr\/#\/schema\/logo\/image\/\"},\"sameAs\":[\"https:\/\/www.facebook.com\/Easykitnl\",\"https:\/\/x.com\/Easykit2\",\"https:\/\/www.youtube.com\/c\/EasykitBe1\",\"https:\/\/www.instagram.com\/easykit.slimme.zelfbouw\/\"]}]}<\/script>\n<!-- \/ Yoast SEO Premium plugin. -->","yoast_head_json":{"title":"Assistance - EasyKit","robots":{"index":"index","follow":"follow","max-snippet":"max-snippet:-1","max-image-preview":"max-image-preview:large","max-video-preview":"max-video-preview:-1"},"canonical":"https:\/\/www.easykit.be\/fr\/assistance\/","og_locale":"fr_FR","og_type":"article","og_title":"Assistance","og_description":"AccompagnementL'autoconstruction avec accompagnement, c'est notre ADN. Nous avons \u00e9t\u00e9 le premier acteur du march\u00e9 \u00e0 proposer des formules d'autoconstruction avec accompagnement. Notre accompagnement s'est d\u00e9velopp\u00e9 en m\u00eame temps que nos clients. Nous sommes les professionnels et nos clients sont les apprentis sur leur propre chantier. Nos clients sont capables de r\u00e9aliser eux-m\u00eames les travaux simples, [&hellip;]","og_site_name":"EasyKit","article_publisher":"https:\/\/www.facebook.com\/Easykitnl","article_modified_time":"2023-12-26T10:48:47+00:00","og_image":[{"width":1200,"height":675,"url":"https:\/\/www.easykit.be\/wp-content\/uploads\/2024\/01\/Site-image.jpg","type":"image\/jpeg"}],"twitter_card":"summary_large_image","twitter_site":"@Easykit2","twitter_misc":{"Dur\u00e9e de lecture estim\u00e9e":"8 minutes"},"schema":{"@context":"https:\/\/schema.org","@graph":[{"@type":"WebPage","@id":"https:\/\/www.easykit.be\/fr\/assistance\/","url":"https:\/\/www.easykit.be\/fr\/assistance\/","name":"Assistance - EasyKit","isPartOf":{"@id":"https:\/\/www.easykit.be\/fr\/#website"},"datePublished":"2023-08-05T07:40:54+00:00","dateModified":"2023-12-26T10:48:47+00:00","breadcrumb":{"@id":"https:\/\/www.easykit.be\/fr\/assistance\/#breadcrumb"},"inLanguage":"fr-FR","potentialAction":[{"@type":"ReadAction","target":["https:\/\/www.easykit.be\/fr\/assistance\/"]}]},{"@type":"BreadcrumbList","@id":"https:\/\/www.easykit.be\/fr\/assistance\/#breadcrumb","itemListElement":[{"@type":"ListItem","position":1,"name":"Home","item":"https:\/\/www.easykit.be\/fr\/"},{"@type":"ListItem","position":2,"name":"Assistance"}]},{"@type":"WebSite","@id":"https:\/\/www.easykit.be\/fr\/#website","url":"https:\/\/www.easykit.be\/fr\/","name":"EasyKit","description":"Slimme zelfbouw","publisher":{"@id":"https:\/\/www.easykit.be\/fr\/#organization"},"alternateName":"Slimme zelfbouw","potentialAction":[{"@type":"SearchAction","target":{"@type":"EntryPoint","urlTemplate":"https:\/\/www.easykit.be\/fr\/?s={search_term_string}"},"query-input":{"@type":"PropertyValueSpecification","valueRequired":true,"valueName":"search_term_string"}}],"inLanguage":"fr-FR"},{"@type":"Organization","@id":"https:\/\/www.easykit.be\/fr\/#organization","name":"EasyKit","alternateName":"Slimme zelfbouw","url":"https:\/\/www.easykit.be\/fr\/","logo":{"@type":"ImageObject","inLanguage":"fr-FR","@id":"https:\/\/www.easykit.be\/fr\/#\/schema\/logo\/image\/","url":"https:\/\/www.easykit.be\/wp-content\/uploads\/2024\/01\/Organization-logo.png","contentUrl":"https:\/\/www.easykit.be\/wp-content\/uploads\/2024\/01\/Organization-logo.png","width":996,"height":996,"caption":"EasyKit"},"image":{"@id":"https:\/\/www.easykit.be\/fr\/#\/schema\/logo\/image\/"},"sameAs":["https:\/\/www.facebook.com\/Easykitnl","https:\/\/x.com\/Easykit2","https:\/\/www.youtube.com\/c\/EasykitBe1","https:\/\/www.instagram.com\/easykit.slimme.zelfbouw\/"]}]}},"publishpress_future_workflow_manual_trigger":{"enabledWorkflows":[]},"_links":{"self":[{"href":"https:\/\/www.easykit.be\/fr\/wp-json\/wp\/v2\/pages\/7468","targetHints":{"allow":["GET"]}}],"collection":[{"href":"https:\/\/www.easykit.be\/fr\/wp-json\/wp\/v2\/pages"}],"about":[{"href":"https:\/\/www.easykit.be\/fr\/wp-json\/wp\/v2\/types\/page"}],"author":[{"embeddable":true,"href":"https:\/\/www.easykit.be\/fr\/wp-json\/wp\/v2\/users\/1"}],"replies":[{"embeddable":true,"href":"https:\/\/www.easykit.be\/fr\/wp-json\/wp\/v2\/comments?post=7468"}],"version-history":[{"count":9,"href":"https:\/\/www.easykit.be\/fr\/wp-json\/wp\/v2\/pages\/7468\/revisions"}],"predecessor-version":[{"id":10783,"href":"https:\/\/www.easykit.be\/fr\/wp-json\/wp\/v2\/pages\/7468\/revisions\/10783"}],"wp:attachment":[{"href":"https:\/\/www.easykit.be\/fr\/wp-json\/wp\/v2\/media?parent=7468"}],"curies":[{"name":"wp","href":"https:\/\/api.w.org\/{rel}","templated":true}]}}