{"id":7195,"date":"2023-08-05T07:50:14","date_gmt":"2023-08-05T06:50:14","guid":{"rendered":"https:\/\/www.easykit.be\/contact\/fiche-dinformation-sur-les-produits\/"},"modified":"2023-11-15T11:12:12","modified_gmt":"2023-11-15T11:12:12","slug":"fiche-dinformation-sur-les-produits","status":"publish","type":"page","link":"https:\/\/www.easykit.be\/fr\/contact\/fiche-dinformation-sur-les-produits\/","title":{"rendered":"Fiche d&#8217;information produits"},"content":{"rendered":"<p>[et_pb_section fb_built=&#8221;1&#8243; custom_padding_last_edited=&#8221;on|desktop&#8221; admin_label=&#8221;Intro&#8221; module_class=&#8221;_intro-section&#8221; _builder_version=&#8221;4.22.1&#8243; _module_preset=&#8221;default&#8221; background_color=&#8221;#F8FAFF&#8221; background_image=&#8221;\/wp-content\/themes\/Divi\/images\/background_dots_blue.svg&#8221; background_size=&#8221;contain&#8221; background_position=&#8221;bottom_center&#8221; background_repeat=&#8221;repeat-x&#8221; min_height=&#8221;300px&#8221; min_height_tablet=&#8221;300px&#8221; min_height_phone=&#8221;200px&#8221; min_height_last_edited=&#8221;on|phone&#8221; custom_padding=&#8221;11rem||7rem||false|false&#8221; custom_padding_tablet=&#8221;7rem||4rem||false|false&#8221; custom_padding_phone=&#8221;4rem||3rem||false|false&#8221; top_divider_color=&#8221;#F4980F&#8221; bottom_divider_style=&#8221;slant&#8221; bottom_divider_color=&#8221;#FFFFFF&#8221; bottom_divider_height=&#8221;60px&#8221; bottom_divider_height_tablet=&#8221;30px&#8221; bottom_divider_height_phone=&#8221;0px&#8221; bottom_divider_height_last_edited=&#8221;on|phone&#8221; locked=&#8221;off&#8221; global_colors_info=&#8221;{}&#8221;][et_pb_row custom_padding_last_edited=&#8221;on|phone&#8221; admin_label=&#8221;title row&#8221; module_class=&#8221;uw-row&#8221; _builder_version=&#8221;4.22.1&#8243; _module_preset=&#8221;default&#8221; width=&#8221;100%&#8221; max_width=&#8221;1200px&#8221; custom_padding=&#8221;|30px|0px|30px|false|false&#8221; custom_padding_tablet=&#8221;|30px||30px|false|false&#8221; custom_padding_phone=&#8221;|20px|0px|20px|false|false&#8221; custom_css_main_element=&#8221;display: flex;||align-items: center;&#8221; global_colors_info=&#8221;{}&#8221;][et_pb_column type=&#8221;4_4&#8243; _builder_version=&#8221;4.21.0&#8243; _module_preset=&#8221;default&#8221; global_colors_info=&#8221;{}&#8221;][et_pb_text module_class=&#8221;title-1 js-fade-in&#8221; _builder_version=&#8221;4.22.1&#8243; _module_preset=&#8221;f9f6c1a9-a132-4d22-b474-298a7741df92&#8243; header_text_align=&#8221;center&#8221; header_text_color=&#8221;#00569D&#8221; header_font_size=&#8221;72px&#8221; max_width=&#8221;900px&#8221; module_alignment=&#8221;center&#8221; custom_margin=&#8221;||0.8rem||false|false&#8221; custom_margin_tablet=&#8221;||0rem||false|false&#8221; custom_margin_phone=&#8221;||0rem||false|false&#8221; custom_margin_last_edited=&#8221;on|tablet&#8221; global_colors_info=&#8221;{}&#8221;]<\/p>\n<h1>Fiche d&#8217;information produits<\/h1>\n<p>[\/et_pb_text][et_pb_text module_class=&#8221;js-fade-in&#8221; _builder_version=&#8221;4.22.1&#8243; _module_preset=&#8221;f9f6c1a9-a132-4d22-b474-298a7741df92&#8243; text_orientation=&#8221;center&#8221; max_width=&#8221;680px&#8221; module_alignment=&#8221;center&#8221; custom_margin_tablet=&#8221;&#8221; custom_margin_phone=&#8221;||1.5rem||false|false&#8221; custom_margin_last_edited=&#8221;on|phone&#8221; custom_padding_tablet=&#8221;&#8221; custom_padding_phone=&#8221;||0px||false|false&#8221; custom_padding_last_edited=&#8221;on|phone&#8221; hover_enabled=&#8221;0&#8243; locked=&#8221;off&#8221; global_colors_info=&#8221;{}&#8221; sticky_enabled=&#8221;0&#8243;]<\/p>\n<p>Avec cette documentation, vous disposez d\u00e9j\u00e0 des informations n\u00e9cessaires sur nos solutions d&#8217;autoconstruction pour le chauffage, la plomberie, l&#8217;\u00e9lectricit\u00e9 et la ventilation. Vous souhaitez obtenir davantage d&#8217;informations ? N&#8217;h\u00e9sitez pas \u00e0 vous rendre dans un showroom Easykit.<\/p>\n<p>[\/et_pb_text][et_pb_code disabled_on=&#8221;on|on|on&#8221; module_class=&#8221;search-form search-form-redirect js-fade-in &#8221; _builder_version=&#8221;4.22.1&#8243; _module_preset=&#8221;5d277d44-441f-4ebc-bdcd-6932e50d7392&#8243; disabled=&#8221;on&#8221; locked=&#8221;off&#8221; global_colors_info=&#8221;{}&#8221;][\/et_pb_code][et_pb_code _builder_version=&#8221;4.22.1&#8243; _module_preset=&#8221;default&#8221; max_width=&#8221;680px&#8221; module_alignment=&#8221;center&#8221; global_colors_info=&#8221;{}&#8221;]<\/p>\n<div class=\"search-field-wrapper\"><!-- [et_pb_line_break_holder] --><input type=\"text\" class=\"search-field-redirect ifp-search-field-redirect-nl\" placeholder=\"Recherche dans les produits Info fiche\" autocomplete=\"off\"><!-- [et_pb_line_break_holder] --><a class=\"search-btn-redirect ifp-search-btn-redirect-nl\" href=\"https:\/\/www.easykit.be\/fr\/contact\/fiche-dinformation-sur-les-produits\/search-result\/?srch=\">Recherche<\/a><!-- [et_pb_line_break_holder] --><\/div>\n<p>[\/et_pb_code][\/et_pb_column][\/et_pb_row][\/et_pb_section][et_pb_section fb_built=&#8221;1&#8243; custom_padding_last_edited=&#8221;on|phone&#8221; _builder_version=&#8221;4.22.1&#8243; _module_preset=&#8221;default&#8221; custom_padding=&#8221;3rem||4rem||false|false&#8221; custom_padding_tablet=&#8221;3rem||4rem||false|false&#8221; custom_padding_phone=&#8221;1rem||1rem||false|false&#8221; locked=&#8221;off&#8221; global_colors_info=&#8221;{}&#8221;][et_pb_row custom_padding_last_edited=&#8221;on|phone&#8221; _builder_version=&#8221;4.22.1&#8243; _module_preset=&#8221;default&#8221; width=&#8221;100%&#8221; max_width=&#8221;1200px&#8221; custom_padding=&#8221;|30px||30px|false|false&#8221; custom_padding_tablet=&#8221;|30px||30px|false|false&#8221; custom_padding_phone=&#8221;|20px||20px|false|false&#8221; global_colors_info=&#8221;{}&#8221;][et_pb_column type=&#8221;4_4&#8243; module_class=&#8221;grid__two&#8221; _builder_version=&#8221;4.22.1&#8243; _module_preset=&#8221;default&#8221; global_colors_info=&#8221;{}&#8221;][dsm_card title=&#8221;Chauffage&#8221; image=&#8221;\/wp-content\/themes\/Divi\/images\/icon-verwarming-anim2.svg&#8221; image_as_background=&#8221;off&#8221; button_text=&#8221;Voir les produits&#8221; button_url=&#8221;@ET-DC@eyJkeW5hbWljIjp0cnVlLCJjb250ZW50IjoicG9zdF9saW5rX3VybF9wYWdlIiwic2V0dGluZ3MiOnsicG9zdF9pZCI6IjUwNDkifX0=@&#8221; _builder_version=&#8221;4.22.1&#8243; _dynamic_attributes=&#8221;button_url&#8221; _module_preset=&#8221;114ac98d-c8c2-42bf-a1b2-93035fa37822&#8243; hover_enabled=&#8221;0&#8243; global_colors_info=&#8221;{}&#8221; sticky_enabled=&#8221;0&#8243;]<\/p>\n<p>T\u00e9l\u00e9chargez toutes nos informations sur les produits de chauffage ici.<\/p>\n<p>[\/dsm_card][dsm_card title=&#8221;Ventilation&#8221; image=&#8221;\/wp-content\/themes\/Divi\/images\/icon-ventilation-anim.svg&#8221; image_as_background=&#8221;off&#8221; button_text=&#8221;Voir les produits&#8221; button_url=&#8221;@ET-DC@eyJkeW5hbWljIjp0cnVlLCJjb250ZW50IjoicG9zdF9saW5rX3VybF9wYWdlIiwic2V0dGluZ3MiOnsicG9zdF9pZCI6IjUwNDcifX0=@&#8221; _builder_version=&#8221;4.22.1&#8243; _dynamic_attributes=&#8221;button_url&#8221; _module_preset=&#8221;114ac98d-c8c2-42bf-a1b2-93035fa37822&#8243; hover_enabled=&#8221;0&#8243; global_colors_info=&#8221;{}&#8221; sticky_enabled=&#8221;0&#8243;]<\/p>\n<p>T\u00e9l\u00e9chargez ici toutes nos informations sur les produits de ventilation.<\/p>\n<p>[\/dsm_card][dsm_card title=&#8221;Electricit\u00e9&#8221; image=&#8221;\/wp-content\/themes\/Divi\/images\/icon-elektriciteit-anim.svg&#8221; image_as_background=&#8221;off&#8221; button_text=&#8221;Voir les produits&#8221; button_url=&#8221;@ET-DC@eyJkeW5hbWljIjp0cnVlLCJjb250ZW50IjoicG9zdF9saW5rX3VybF9wYWdlIiwic2V0dGluZ3MiOnsicG9zdF9pZCI6IjUwNDUifX0=@&#8221; _builder_version=&#8221;4.22.1&#8243; _dynamic_attributes=&#8221;button_url&#8221; _module_preset=&#8221;114ac98d-c8c2-42bf-a1b2-93035fa37822&#8243; hover_enabled=&#8221;0&#8243; global_colors_info=&#8221;{}&#8221; sticky_enabled=&#8221;0&#8243;]<\/p>\n<p>T\u00e9l\u00e9chargez ici toutes nos informations sur les panneaux solaires et les installations \u00e9lectriques.<\/p>\n<p>[\/dsm_card][dsm_card title=&#8221;Sanitaire&#8221; image=&#8221;\/wp-content\/themes\/Divi\/images\/icon-sanitair-anim.svg&#8221; image_as_background=&#8221;off&#8221; button_text=&#8221;Voir les produits&#8221; button_url=&#8221;@ET-DC@eyJkeW5hbWljIjp0cnVlLCJjb250ZW50IjoicG9zdF9saW5rX3VybF9wYWdlIiwic2V0dGluZ3MiOnsicG9zdF9pZCI6IjQ5OTYifX0=@&#8221; _builder_version=&#8221;4.22.1&#8243; _dynamic_attributes=&#8221;button_url&#8221; _module_preset=&#8221;114ac98d-c8c2-42bf-a1b2-93035fa37822&#8243; hover_enabled=&#8221;0&#8243; global_colors_info=&#8221;{}&#8221; sticky_enabled=&#8221;0&#8243;]<\/p>\n<p>T\u00e9l\u00e9chargez ici toutes nos informations sur les tuyaux de plomberie, les chauffe-eau solaires et les syst\u00e8mes d&#8217;eau de pluie.<\/p>\n<p>[\/dsm_card][\/et_pb_column][\/et_pb_row][\/et_pb_section]<\/p>\n","protected":false},"excerpt":{"rendered":"<p>Fiche d&#8217;information produitsAvec cette documentation, vous disposez d\u00e9j\u00e0 des informations n\u00e9cessaires sur nos solutions d&#8217;autoconstruction pour le chauffage, la plomberie, l&#8217;\u00e9lectricit\u00e9 et la ventilation. Vous souhaitez obtenir davantage d&#8217;informations ? N&#8217;h\u00e9sitez pas \u00e0 vous rendre dans un showroom Easykit.<div class=\"et_pb_module dsm_card dsm_card_0 knowledge-item-cat js-fade-in et_pb_bg_layout_light  dsm_card_layout_stacked\">\n\t\t\t\t\n\t\t\t\t\n\t\t\t\t\n\t\t\t\t\n\t\t\t\t\n\t\t\t\t\n\t\t\t\t<div class=\"et_pb_module_inner\">\n\t\t\t\t\t\n\t\t\t\n\t\t\t<figure class=\"dsm_card_image_wrapper dsm_card_badge_top_right\"><img decoding=\"async\" src=\"\/wp-content\/themes\/Divi\/images\/icon-verwarming-anim2.svg\" alt=\"\" class=\"dsm_card_img dsm_card_image_stretch\" \/><\/figure>\n\t\t\t<div class=\"et_pb_module dsm_card_wrapper et_pb_text_align_center\">\n\t\t\t\t\t\n\t\t\t\t\t<h4 class=\"dsm_card_title et_pb_module_header\">Chauffage<\/h4>\n\t\t\t\t\t\n\t\t\t\t\t\n\t\t\t\t\t<div class=\"et_pb_button_wrapper\"><a class=\"et_pb_button et_pb_more_button \" href=\"\">Voir les produits<\/a><\/div>\n\t\t\t\t<\/div>\n\t\t\t\n\t\t\t\t<\/div>\n\t\t\t<\/div>T\u00e9l\u00e9chargez toutes nos informations [&hellip;]<\/p>\n","protected":false},"author":1,"featured_media":0,"parent":7190,"menu_order":0,"comment_status":"closed","ping_status":"closed","template":"","meta":{"_acf_changed":false,"_et_pb_use_builder":"on","_et_pb_old_content":"","_et_gb_content_width":"","inline_featured_image":false,"footnotes":""},"class_list":["post-7195","page","type-page","status-publish","hentry"],"acf":[],"yoast_head":"<!-- This site is optimized with the Yoast SEO Premium plugin v24.4 (Yoast SEO v27.2) - https:\/\/yoast.com\/product\/yoast-seo-premium-wordpress\/ -->\n<title>Fiche d&#039;information produits - EasyKit<\/title>\n<meta name=\"robots\" content=\"index, follow, max-snippet:-1, max-image-preview:large, max-video-preview:-1\" \/>\n<link rel=\"canonical\" href=\"https:\/\/www.easykit.be\/fr\/contact\/fiche-dinformation-sur-les-produits\/\" \/>\n<meta property=\"og:locale\" content=\"fr_FR\" \/>\n<meta property=\"og:type\" content=\"article\" \/>\n<meta property=\"og:title\" content=\"Fiche d&#039;information produits\" \/>\n<meta property=\"og:description\" content=\"Fiche d&#039;information produitsAvec cette documentation, vous disposez d\u00e9j\u00e0 des informations n\u00e9cessaires sur nos solutions d&#039;autoconstruction pour le chauffage, la plomberie, l&#039;\u00e9lectricit\u00e9 et la ventilation. Vous souhaitez obtenir davantage d&#039;informations ? N&#039;h\u00e9sitez pas \u00e0 vous rendre dans un showroom Easykit.T\u00e9l\u00e9chargez toutes nos informations [&hellip;]\" \/>\n<meta property=\"og:site_name\" content=\"EasyKit\" \/>\n<meta property=\"article:publisher\" content=\"https:\/\/www.facebook.com\/Easykitnl\" \/>\n<meta property=\"article:modified_time\" content=\"2023-11-15T11:12:12+00:00\" \/>\n<meta property=\"og:image\" content=\"https:\/\/www.easykit.be\/wp-content\/uploads\/2024\/01\/Site-image.jpg\" \/>\n\t<meta property=\"og:image:width\" content=\"1200\" \/>\n\t<meta property=\"og:image:height\" content=\"675\" \/>\n\t<meta property=\"og:image:type\" content=\"image\/jpeg\" \/>\n<meta name=\"twitter:card\" content=\"summary_large_image\" \/>\n<meta name=\"twitter:site\" content=\"@Easykit2\" \/>\n<meta name=\"twitter:label1\" content=\"Dur\u00e9e de lecture estim\u00e9e\" \/>\n\t<meta name=\"twitter:data1\" content=\"4 minutes\" \/>\n<script type=\"application\/ld+json\" class=\"yoast-schema-graph\">{\"@context\":\"https:\/\/schema.org\",\"@graph\":[{\"@type\":\"WebPage\",\"@id\":\"https:\/\/www.easykit.be\/fr\/contact\/fiche-dinformation-sur-les-produits\/\",\"url\":\"https:\/\/www.easykit.be\/fr\/contact\/fiche-dinformation-sur-les-produits\/\",\"name\":\"Fiche d'information produits - EasyKit\",\"isPartOf\":{\"@id\":\"https:\/\/www.easykit.be\/fr\/#website\"},\"datePublished\":\"2023-08-05T06:50:14+00:00\",\"dateModified\":\"2023-11-15T11:12:12+00:00\",\"breadcrumb\":{\"@id\":\"https:\/\/www.easykit.be\/fr\/contact\/fiche-dinformation-sur-les-produits\/#breadcrumb\"},\"inLanguage\":\"fr-FR\",\"potentialAction\":[{\"@type\":\"ReadAction\",\"target\":[\"https:\/\/www.easykit.be\/fr\/contact\/fiche-dinformation-sur-les-produits\/\"]}]},{\"@type\":\"BreadcrumbList\",\"@id\":\"https:\/\/www.easykit.be\/fr\/contact\/fiche-dinformation-sur-les-produits\/#breadcrumb\",\"itemListElement\":[{\"@type\":\"ListItem\",\"position\":1,\"name\":\"Home\",\"item\":\"https:\/\/www.easykit.be\/fr\/\"},{\"@type\":\"ListItem\",\"position\":2,\"name\":\"Contact\",\"item\":\"https:\/\/www.easykit.be\/fr\/contact\/\"},{\"@type\":\"ListItem\",\"position\":3,\"name\":\"Fiche d&#8217;information produits\"}]},{\"@type\":\"WebSite\",\"@id\":\"https:\/\/www.easykit.be\/fr\/#website\",\"url\":\"https:\/\/www.easykit.be\/fr\/\",\"name\":\"EasyKit\",\"description\":\"Slimme zelfbouw\",\"publisher\":{\"@id\":\"https:\/\/www.easykit.be\/fr\/#organization\"},\"alternateName\":\"Slimme zelfbouw\",\"potentialAction\":[{\"@type\":\"SearchAction\",\"target\":{\"@type\":\"EntryPoint\",\"urlTemplate\":\"https:\/\/www.easykit.be\/fr\/?s={search_term_string}\"},\"query-input\":{\"@type\":\"PropertyValueSpecification\",\"valueRequired\":true,\"valueName\":\"search_term_string\"}}],\"inLanguage\":\"fr-FR\"},{\"@type\":\"Organization\",\"@id\":\"https:\/\/www.easykit.be\/fr\/#organization\",\"name\":\"EasyKit\",\"alternateName\":\"Slimme zelfbouw\",\"url\":\"https:\/\/www.easykit.be\/fr\/\",\"logo\":{\"@type\":\"ImageObject\",\"inLanguage\":\"fr-FR\",\"@id\":\"https:\/\/www.easykit.be\/fr\/#\/schema\/logo\/image\/\",\"url\":\"https:\/\/www.easykit.be\/wp-content\/uploads\/2024\/01\/Organization-logo.png\",\"contentUrl\":\"https:\/\/www.easykit.be\/wp-content\/uploads\/2024\/01\/Organization-logo.png\",\"width\":996,\"height\":996,\"caption\":\"EasyKit\"},\"image\":{\"@id\":\"https:\/\/www.easykit.be\/fr\/#\/schema\/logo\/image\/\"},\"sameAs\":[\"https:\/\/www.facebook.com\/Easykitnl\",\"https:\/\/x.com\/Easykit2\",\"https:\/\/www.youtube.com\/c\/EasykitBe1\",\"https:\/\/www.instagram.com\/easykit.slimme.zelfbouw\/\"]}]}<\/script>\n<!-- \/ Yoast SEO Premium plugin. -->","yoast_head_json":{"title":"Fiche d'information produits - EasyKit","robots":{"index":"index","follow":"follow","max-snippet":"max-snippet:-1","max-image-preview":"max-image-preview:large","max-video-preview":"max-video-preview:-1"},"canonical":"https:\/\/www.easykit.be\/fr\/contact\/fiche-dinformation-sur-les-produits\/","og_locale":"fr_FR","og_type":"article","og_title":"Fiche d'information produits","og_description":"Fiche d'information produitsAvec cette documentation, vous disposez d\u00e9j\u00e0 des informations n\u00e9cessaires sur nos solutions d'autoconstruction pour le chauffage, la plomberie, l'\u00e9lectricit\u00e9 et la ventilation. Vous souhaitez obtenir davantage d'informations ? N'h\u00e9sitez pas \u00e0 vous rendre dans un showroom Easykit.T\u00e9l\u00e9chargez toutes nos informations [&hellip;]","og_site_name":"EasyKit","article_publisher":"https:\/\/www.facebook.com\/Easykitnl","article_modified_time":"2023-11-15T11:12:12+00:00","og_image":[{"width":1200,"height":675,"url":"https:\/\/www.easykit.be\/wp-content\/uploads\/2024\/01\/Site-image.jpg","type":"image\/jpeg"}],"twitter_card":"summary_large_image","twitter_site":"@Easykit2","twitter_misc":{"Dur\u00e9e de lecture estim\u00e9e":"4 minutes"},"schema":{"@context":"https:\/\/schema.org","@graph":[{"@type":"WebPage","@id":"https:\/\/www.easykit.be\/fr\/contact\/fiche-dinformation-sur-les-produits\/","url":"https:\/\/www.easykit.be\/fr\/contact\/fiche-dinformation-sur-les-produits\/","name":"Fiche d'information produits - EasyKit","isPartOf":{"@id":"https:\/\/www.easykit.be\/fr\/#website"},"datePublished":"2023-08-05T06:50:14+00:00","dateModified":"2023-11-15T11:12:12+00:00","breadcrumb":{"@id":"https:\/\/www.easykit.be\/fr\/contact\/fiche-dinformation-sur-les-produits\/#breadcrumb"},"inLanguage":"fr-FR","potentialAction":[{"@type":"ReadAction","target":["https:\/\/www.easykit.be\/fr\/contact\/fiche-dinformation-sur-les-produits\/"]}]},{"@type":"BreadcrumbList","@id":"https:\/\/www.easykit.be\/fr\/contact\/fiche-dinformation-sur-les-produits\/#breadcrumb","itemListElement":[{"@type":"ListItem","position":1,"name":"Home","item":"https:\/\/www.easykit.be\/fr\/"},{"@type":"ListItem","position":2,"name":"Contact","item":"https:\/\/www.easykit.be\/fr\/contact\/"},{"@type":"ListItem","position":3,"name":"Fiche d&#8217;information produits"}]},{"@type":"WebSite","@id":"https:\/\/www.easykit.be\/fr\/#website","url":"https:\/\/www.easykit.be\/fr\/","name":"EasyKit","description":"Slimme zelfbouw","publisher":{"@id":"https:\/\/www.easykit.be\/fr\/#organization"},"alternateName":"Slimme zelfbouw","potentialAction":[{"@type":"SearchAction","target":{"@type":"EntryPoint","urlTemplate":"https:\/\/www.easykit.be\/fr\/?s={search_term_string}"},"query-input":{"@type":"PropertyValueSpecification","valueRequired":true,"valueName":"search_term_string"}}],"inLanguage":"fr-FR"},{"@type":"Organization","@id":"https:\/\/www.easykit.be\/fr\/#organization","name":"EasyKit","alternateName":"Slimme zelfbouw","url":"https:\/\/www.easykit.be\/fr\/","logo":{"@type":"ImageObject","inLanguage":"fr-FR","@id":"https:\/\/www.easykit.be\/fr\/#\/schema\/logo\/image\/","url":"https:\/\/www.easykit.be\/wp-content\/uploads\/2024\/01\/Organization-logo.png","contentUrl":"https:\/\/www.easykit.be\/wp-content\/uploads\/2024\/01\/Organization-logo.png","width":996,"height":996,"caption":"EasyKit"},"image":{"@id":"https:\/\/www.easykit.be\/fr\/#\/schema\/logo\/image\/"},"sameAs":["https:\/\/www.facebook.com\/Easykitnl","https:\/\/x.com\/Easykit2","https:\/\/www.youtube.com\/c\/EasykitBe1","https:\/\/www.instagram.com\/easykit.slimme.zelfbouw\/"]}]}},"publishpress_future_workflow_manual_trigger":{"enabledWorkflows":[]},"_links":{"self":[{"href":"https:\/\/www.easykit.be\/fr\/wp-json\/wp\/v2\/pages\/7195","targetHints":{"allow":["GET"]}}],"collection":[{"href":"https:\/\/www.easykit.be\/fr\/wp-json\/wp\/v2\/pages"}],"about":[{"href":"https:\/\/www.easykit.be\/fr\/wp-json\/wp\/v2\/types\/page"}],"author":[{"embeddable":true,"href":"https:\/\/www.easykit.be\/fr\/wp-json\/wp\/v2\/users\/1"}],"replies":[{"embeddable":true,"href":"https:\/\/www.easykit.be\/fr\/wp-json\/wp\/v2\/comments?post=7195"}],"version-history":[{"count":12,"href":"https:\/\/www.easykit.be\/fr\/wp-json\/wp\/v2\/pages\/7195\/revisions"}],"predecessor-version":[{"id":8796,"href":"https:\/\/www.easykit.be\/fr\/wp-json\/wp\/v2\/pages\/7195\/revisions\/8796"}],"up":[{"embeddable":true,"href":"https:\/\/www.easykit.be\/fr\/wp-json\/wp\/v2\/pages\/7190"}],"wp:attachment":[{"href":"https:\/\/www.easykit.be\/fr\/wp-json\/wp\/v2\/media?parent=7195"}],"curies":[{"name":"wp","href":"https:\/\/api.w.org\/{rel}","templated":true}]}}