{"id":6118,"date":"2023-09-05T12:38:15","date_gmt":"2023-09-05T12:38:15","guid":{"rendered":"https:\/\/www.easykit.be\/disclaimer\/"},"modified":"2024-01-17T10:51:49","modified_gmt":"2024-01-17T10:51:49","slug":"disclaimer","status":"publish","type":"page","link":"https:\/\/www.easykit.be\/fr\/disclaimer\/","title":{"rendered":"Disclaimer"},"content":{"rendered":"<p>[et_pb_section fb_built=&#8221;1&#8243; custom_padding_last_edited=&#8221;on|phone&#8221; _builder_version=&#8221;4.22.1&#8243; _module_preset=&#8221;default&#8221; custom_padding=&#8221;11rem||3rem||false|false&#8221; custom_padding_tablet=&#8221;7rem||3rem||false|false&#8221; custom_padding_phone=&#8221;4rem||0rem||false|false&#8221; locked=&#8221;off&#8221; global_colors_info=&#8221;{}&#8221;][et_pb_row custom_padding_last_edited=&#8221;on|phone&#8221; _builder_version=&#8221;4.22.1&#8243; _module_preset=&#8221;default&#8221; width=&#8221;100%&#8221; max_width=&#8221;980px&#8221; custom_padding=&#8221;|30px||30px|false|false&#8221; custom_padding_tablet=&#8221;|30px||30px|false|false&#8221; custom_padding_phone=&#8221;|20px||20px|false|false&#8221; global_colors_info=&#8221;{}&#8221;][et_pb_column type=&#8221;4_4&#8243; _builder_version=&#8221;4.21.0&#8243; _module_preset=&#8221;default&#8221; global_colors_info=&#8221;{}&#8221;][et_pb_text _builder_version=&#8221;4.22.1&#8243; _module_preset=&#8221;f9f6c1a9-a132-4d22-b474-298a7741df92&#8243; header_2_text_align=&#8221;left&#8221; custom_margin_tablet=&#8221;||1rem||false|false&#8221; custom_margin_phone=&#8221;||1rem||false|false&#8221; custom_margin_last_edited=&#8221;on|tablet&#8221; global_colors_info=&#8221;{}&#8221;]<\/p>\n<h2>Conditions d&#8217;utilisation site web<\/h2>\n<p>[\/et_pb_text][et_pb_text _builder_version=&#8221;4.22.1&#8243; _module_preset=&#8221;f9f6c1a9-a132-4d22-b474-298a7741df92&#8243; custom_margin=&#8221;||||false|false&#8221; custom_margin_tablet=&#8221;||||false|false&#8221; custom_margin_phone=&#8221;||1.5rem||false|false&#8221; custom_margin_last_edited=&#8221;on|phone&#8221; custom_padding=&#8221;||||false|false&#8221; global_colors_info=&#8221;{}&#8221;]<\/p>\n<p>Ces conditions s&#8217;appliquent au site web www.easykit.be. En acc\u00e9dant \u00e0 ce site web ou en l&#8217;utilisant, vous marquez votre accord sur ces conditions. Si vous n&#8217;\u00eates pas d&#8217;accord avec leur contenu ou si vous avancez la moindre r\u00e9serve, nous vous demandons de ne pas visiter ce site ni utiliser les informations, les donn\u00e9es ou les applications qui s&#8217;y trouvent.<\/p>\n<p>[\/et_pb_text][et_pb_text _builder_version=&#8221;4.22.1&#8243; _module_preset=&#8221;f9f6c1a9-a132-4d22-b474-298a7741df92&#8243; custom_margin=&#8221;||0.5rem||false|false&#8221; global_colors_info=&#8221;{}&#8221;]<\/p>\n<h5>Nos donn\u00e9es<\/h5>\n<p>[\/et_pb_text][et_pb_text _builder_version=&#8221;4.22.1&#8243; _module_preset=&#8221;f9f6c1a9-a132-4d22-b474-298a7741df92&#8243; custom_margin=&#8221;||0.5rem||false|false&#8221; custom_margin_tablet=&#8221;||0.5rem||false|false&#8221; custom_margin_phone=&#8221;||0.2rem||false|false&#8221; custom_margin_last_edited=&#8221;on|phone&#8221; hover_enabled=&#8221;0&#8243; global_colors_info=&#8221;{}&#8221; sticky_enabled=&#8221;0&#8243;]<\/p>\n<p class=\"MarginText\">Le site web est g\u00e9r\u00e9 par Easykit group, Easykit Oost et Easykit West, dont le si\u00e8ge social est \u00e9tabli \u00e0 Wingepark 27C, 3110 Rotselaar sous le num\u00e9ro d&#8217;entreprise Easykit West 0735.498.44, EASYKIT Oost NV, num\u00e9ro BCE 0453.767.582 et EASYKIT GROUP NV, num\u00e9ro BCE 0827.836.701 Vous pouvez nous contacter:<\/p>\n<ul>\n<li>par courrier adress\u00e9 \u00e0 Wingepark 27C 3110 Rotselaar<\/li>\n<li>par courriel adress\u00e9 \u00e0 <a href=\"mailto:info@easykit.be\">info@easykit.be<\/a><\/li>\n<li>via les formulaires de demande et les pages Contact du site web.<\/li>\n<\/ul>\n<p>[\/et_pb_text][et_pb_text _builder_version=&#8221;4.22.1&#8243; _module_preset=&#8221;f9f6c1a9-a132-4d22-b474-298a7741df92&#8243; custom_margin=&#8221;||0.5rem||false|false&#8221; global_colors_info=&#8221;{}&#8221;]<\/p>\n<h5>1. Notre offre via le site web<\/h5>\n<p>[\/et_pb_text][et_pb_text _builder_version=&#8221;4.22.1&#8243; _module_preset=&#8221;f9f6c1a9-a132-4d22-b474-298a7741df92&#8243; custom_margin=&#8221;||2.3rem||false|false&#8221; custom_margin_tablet=&#8221;||2.3rem||false|false&#8221; custom_margin_phone=&#8221;||1.5rem||false|false&#8221; custom_margin_last_edited=&#8221;on|phone&#8221; locked=&#8221;off&#8221; global_colors_info=&#8221;{}&#8221;]Via le site web, nous publions des informations relatives \u00e0 notre entreprise, nos produits et nos services. Via les formulaires de demande sur le site web, vous pouvez aussi nous demander de vous transmettre certaines publications ou informations (comme une estimation budg\u00e9taire pour votre projet), le cas \u00e9ch\u00e9ant sur la base de donn\u00e9es sp\u00e9cifiques que vous nous envoyez.<\/p>\n<p>Les informations que nous mettons \u00e0 disposition via le site web et les publications que nous vous remettons sur demande ont pour but de vous informer \u00e0 propos de nos produits et services et de vous de communiquer des informations d&#8217;ordre g\u00e9n\u00e9ral. En raison du caract\u00e8re g\u00e9n\u00e9ral de ces informations, elles ne peuvent pas \u00eatre consid\u00e9r\u00e9es comme un conseil personnalis\u00e9.<\/p>\n<p>Une estimation budg\u00e9taire est \u00e9tablie par nos soins sur la base des informations que vous nous communiquez. Nous ne sommes pas en mesure de v\u00e9rifier l&#8217;exhaustivit\u00e9 ou l&#8217;exactitude des informations que vous nous communiquez.<\/p>\n<p>Sauf mention contraire explicite, aucune information, publication ou donn\u00e9e que nous mettons \u00e0 votre disposition via le site web ou sur demande ne peut \u00eatre assimil\u00e9e \u00e0 une offre de notre part.<\/p>\n<p>Nous apportons le plus grand soin au contenu des informations, publications et donn\u00e9es que nous mettons \u00e0 votre disposition via le site web ou sur demande (apr\u00e8s int\u00e9gration ou non de vos informations). Cependant, nous ne pouvons garantir, que ce soit explicitement ou implicitement, le caract\u00e8re exhaustif, exact, actualis\u00e9 ou pertinent de telles informations, publications ou donn\u00e9es.<\/p>\n<p>Le site web vous offre aussi la possibilit\u00e9 d&#8217;introduire une demande de prestation de services. Ces demandes sont soumises aux conditions g\u00e9n\u00e9rales de Easykit group, Easykit oost et Easykit west.[\/et_pb_text][et_pb_text _builder_version=&#8221;4.22.1&#8243; _module_preset=&#8221;f9f6c1a9-a132-4d22-b474-298a7741df92&#8243; custom_margin=&#8221;||0.5rem||false|false&#8221; global_colors_info=&#8221;{}&#8221;]<\/p>\n<h5>2. Votre utilisation du site web et des informations<\/h5>\n<p>[\/et_pb_text][et_pb_text _builder_version=&#8221;4.22.1&#8243; _module_preset=&#8221;f9f6c1a9-a132-4d22-b474-298a7741df92&#8243; custom_margin=&#8221;||2.3rem||false|false&#8221; custom_margin_tablet=&#8221;||2.3rem||false|false&#8221; custom_margin_phone=&#8221;||1.5rem||false|false&#8221; custom_margin_last_edited=&#8221;on|phone&#8221; locked=&#8221;off&#8221; global_colors_info=&#8221;{}&#8221;]Les informations, publications et donn\u00e9es que nous mettons \u00e0 votre disposition via le site web ou sur demande sont destin\u00e9es exclusivement \u00e0 votre usage personnel, non commercial.<\/p>\n<p>Ces informations, publications et donn\u00e9es n&#8217;ont pas pour but de vous inciter \u00e0 poser certains actes ou \u00e0 conseiller ou d\u00e9conseiller certains actes et ne peuvent en aucun cas remplacer votre jugement personnel. Par cons\u00e9quent, vous \u00eates tenu, au cas o\u00f9 vous les utiliseriez d&#8217;une quelconque fa\u00e7on, de toujours vous baser sur vos propres connaissances, votre propre expertise et votre propre jugement ou, si n\u00e9cessaire, de demander un avis professionnel compl\u00e9mentaire.[\/et_pb_text][et_pb_text _builder_version=&#8221;4.22.1&#8243; _module_preset=&#8221;f9f6c1a9-a132-4d22-b474-298a7741df92&#8243; custom_margin=&#8221;||0.5rem||false|false&#8221; global_colors_info=&#8221;{}&#8221;]<\/p>\n<h5>3. Disponibilit\u00e9 du site web<\/h5>\n<p>[\/et_pb_text][et_pb_text _builder_version=&#8221;4.22.1&#8243; _module_preset=&#8221;f9f6c1a9-a132-4d22-b474-298a7741df92&#8243; custom_margin=&#8221;||2.3rem||false|false&#8221; custom_margin_tablet=&#8221;||2.3rem||false|false&#8221; custom_margin_phone=&#8221;||1.5rem||false|false&#8221; custom_margin_last_edited=&#8221;on|phone&#8221; locked=&#8221;off&#8221; global_colors_info=&#8221;{}&#8221;]<\/p>\n<p>Nous nous effor\u00e7ons d&#8217;assurer une disponibilit\u00e9 optimale du site Web, mais ne pouvons garantir un acc\u00e8s interrompu. Nous pouvons, par exemple en raison de la maintenance ou des modifications du site Web ou pour quelque raison que ce soit, devoir interrompre l&#8217;acc\u00e8s au site Web temporairement ou pour une longue p\u00e9riode.<\/p>\n<p>[\/et_pb_text][et_pb_text _builder_version=&#8221;4.22.1&#8243; _module_preset=&#8221;f9f6c1a9-a132-4d22-b474-298a7741df92&#8243; custom_margin=&#8221;||0.5rem||false|false&#8221; global_colors_info=&#8221;{}&#8221;]<\/p>\n<h5>4. Responsabilit\u00e9<\/h5>\n<p>[\/et_pb_text][et_pb_text _builder_version=&#8221;4.22.1&#8243; _module_preset=&#8221;f9f6c1a9-a132-4d22-b474-298a7741df92&#8243; custom_margin=&#8221;||2.3rem||false|false&#8221; custom_margin_tablet=&#8221;||2.3rem||false|false&#8221; custom_margin_phone=&#8221;||1.5rem||false|false&#8221; custom_margin_last_edited=&#8221;on|phone&#8221; locked=&#8221;off&#8221; global_colors_info=&#8221;{}&#8221;]<\/p>\n<p>Nous ne pouvons pas \u00eatre consid\u00e9r\u00e9s comme responsables:<\/p>\n<ul>\n<li>des difficult\u00e9s techniques que vous pourriez rencontrer sur ce site web, quelle qu&#8217;en soit la cause, notamment des bugs, des virus, une capacit\u00e9 insuffisante, vos propres syst\u00e8mes informatiques, votre mat\u00e9riel, vos logiciels ou votre navigateur;<\/li>\n<li>de tout dommage d\u00fb \u00e0 un cas de force majeure, de faits ou de tiers dont nous n&#8217;avons pas le contr\u00f4le direct;<\/li>\n<li>de tout dommage d\u00fb au fait de quitter ce site web ou apparu apr\u00e8s avoir quitt\u00e9 ce site web, m\u00eame si le visiteur quitte ce site web via un lien plac\u00e9 sur ce site web;<\/li>\n<li>de tout dommage occasionn\u00e9 par les informations, publications et donn\u00e9es que nous mettons \u00e0 votre disposition via le site web ou sur demande (traitement automatis\u00e9 ou non de vos informations), et\/ou de tout dommage que pourrait subir le visiteur ou des tiers en tirant certaines conclusions ou en posant certains actes \u00e0 la suite de ces informations, publications et donn\u00e9es;<\/li>\n<li>de l&#8217;acc\u00e8s illicite d&#8217;un tiers ou de la modification illicite par un tiers des syst\u00e8mes informatiques, de la programmation et du code de programmation ou du logiciel, d&#8217;Easykit ou du visiteur;<\/li>\n<li>du caract\u00e8re incomplet, inexact ou non actuel des informations que vous nous communiquez.<\/li>\n<\/ul>\n<p>Nonobstant ce qui pr\u00e9c\u00e8de, les pr\u00e9sentes conditions d&#8217;utilisation n&#8217;excluent pas ni ne limitent notre responsabilit\u00e9 (i) en cas de fraude, acte d\u00e9lib\u00e9r\u00e9 ou faute grave de notre part ou de la part de nos collaborateurs ou mandataires; ou (ii) dans la mesure o\u00f9 le droit applicable l&#8217;interdit.<\/p>\n<p>[\/et_pb_text][et_pb_text _builder_version=&#8221;4.22.1&#8243; _module_preset=&#8221;f9f6c1a9-a132-4d22-b474-298a7741df92&#8243; custom_margin=&#8221;||0.5rem||false|false&#8221; global_colors_info=&#8221;{}&#8221;]<\/p>\n<h5>5. Propri\u00e9t\u00e9 intellectuelle<\/h5>\n<p>[\/et_pb_text][et_pb_text _builder_version=&#8221;4.22.1&#8243; _module_preset=&#8221;f9f6c1a9-a132-4d22-b474-298a7741df92&#8243; custom_margin=&#8221;||2.3rem||false|false&#8221; custom_margin_tablet=&#8221;||2.3rem||false|false&#8221; custom_margin_phone=&#8221;||1.5rem||false|false&#8221; custom_margin_last_edited=&#8221;on|phone&#8221; locked=&#8221;off&#8221; global_colors_info=&#8221;{}&#8221;]<\/p>\n<p>Le contenu du site web et les informations qui vous sont propos\u00e9es sur le site web ou sur demande, y compris les marques et les logos, sont prot\u00e9g\u00e9s par les droits de propri\u00e9t\u00e9 intellectuelle d&#8217;Easykit ou de nos donneurs de licence. Vous ne pouvez en aucun cas modifier, copier, diffuser, adapter ou utiliser \u00e0 titre commercial ce mat\u00e9riel sans notre autorisation \u00e9crite pr\u00e9alable.<\/p>\n<p>Si vous estimez que l&#8217;utilisation d&#8217;un mat\u00e9riel donn\u00e9 constitue une infraction \u00e0 vos droits de propri\u00e9t\u00e9 (intellectuelle), nous vous demandons de nous contacter \u00e0 l&#8217;aide des coordonn\u00e9es pr\u00e9cit\u00e9es.<\/p>\n<p>[\/et_pb_text][et_pb_text _builder_version=&#8221;4.22.1&#8243; _module_preset=&#8221;f9f6c1a9-a132-4d22-b474-298a7741df92&#8243; custom_margin=&#8221;||0.5rem||false|false&#8221; global_colors_info=&#8221;{}&#8221;]<\/p>\n<h5>6. Hyperliens<\/h5>\n<p>[\/et_pb_text][et_pb_text _builder_version=&#8221;4.22.1&#8243; _module_preset=&#8221;f9f6c1a9-a132-4d22-b474-298a7741df92&#8243; custom_margin=&#8221;||2.3rem||false|false&#8221; custom_margin_tablet=&#8221;||2.3rem||false|false&#8221; custom_margin_phone=&#8221;||1.5rem||false|false&#8221; custom_margin_last_edited=&#8221;on|phone&#8221; locked=&#8221;off&#8221; global_colors_info=&#8221;{}&#8221;]<\/p>\n<p>Le site web peut comporter des hyperliens vers d&#8217;autres sites web sur lesquels nous n&#8217;exer\u00e7ons aucun contr\u00f4le, que ce soit au niveau technique ou sur le plan du contenu. Nous n&#8217;offrons aucune garantie et nous n&#8217;engageons aucune responsabilit\u00e9 pour le contenu, la disponibilit\u00e9 ou la s\u00e9curit\u00e9 de ces sites web externes.<\/p>\n<p>[\/et_pb_text][et_pb_text _builder_version=&#8221;4.22.1&#8243; _module_preset=&#8221;f9f6c1a9-a132-4d22-b474-298a7741df92&#8243; custom_margin=&#8221;||0.5rem||false|false&#8221; global_colors_info=&#8221;{}&#8221;]<\/p>\n<h5>7. Modifications<\/h5>\n<p>[\/et_pb_text][et_pb_text _builder_version=&#8221;4.22.1&#8243; _module_preset=&#8221;f9f6c1a9-a132-4d22-b474-298a7741df92&#8243; custom_margin=&#8221;||2.3rem||false|false&#8221; custom_margin_tablet=&#8221;||2.3rem||false|false&#8221; custom_margin_phone=&#8221;||1.5rem||false|false&#8221; custom_margin_last_edited=&#8221;on|phone&#8221; locked=&#8221;off&#8221; global_colors_info=&#8221;{}&#8221;]<\/p>\n<p>Nous nous r\u00e9servons le droit de modifier \u00e0 tout moment les pr\u00e9sentes conditions d&#8217;utilisation, sans notification pr\u00e9alable. Ces conditions d&#8217;utilisation ont \u00e9t\u00e9 modifi\u00e9es la derni\u00e8re fois le 05\/05\/2015. <\/p>\n<p>[\/et_pb_text][et_pb_text _builder_version=&#8221;4.22.1&#8243; _module_preset=&#8221;f9f6c1a9-a132-4d22-b474-298a7741df92&#8243; custom_margin=&#8221;||0.5rem||false|false&#8221; global_colors_info=&#8221;{}&#8221;]<\/p>\n<h5>8. Protection de vos donn\u00e9es personnelles<\/h5>\n<p>[\/et_pb_text][et_pb_text _builder_version=&#8221;4.22.1&#8243; _module_preset=&#8221;f9f6c1a9-a132-4d22-b474-298a7741df92&#8243; custom_margin=&#8221;||2.3rem||false|false&#8221; custom_margin_tablet=&#8221;||2.3rem||false|false&#8221; custom_margin_phone=&#8221;||1.5rem||false|false&#8221; custom_margin_last_edited=&#8221;on|phone&#8221; locked=&#8221;off&#8221; global_colors_info=&#8221;{}&#8221;]<\/p>\n<p>Nous recueillons vos donn\u00e9es personnelles lorsque vous utilisez le site web et les formulaires de demande. Pour en savoir plus sur notre utilisation de ces donn\u00e9es, veuillez vous reporter \u00e0 <a href=\"https:\/\/www.easykit.be\/fr\/vie-privee\/\">notre D\u00e9claration de protection de la vie priv\u00e9e<\/a>.<\/p>\n<p>[\/et_pb_text][et_pb_text _builder_version=&#8221;4.22.1&#8243; _module_preset=&#8221;f9f6c1a9-a132-4d22-b474-298a7741df92&#8243; custom_margin=&#8221;||0.5rem||false|false&#8221; global_colors_info=&#8221;{}&#8221;]<\/p>\n<h5>9. Droit applicable et tribunal comp\u00e9tent<\/h5>\n<p>[\/et_pb_text][et_pb_text _builder_version=&#8221;4.22.1&#8243; _module_preset=&#8221;f9f6c1a9-a132-4d22-b474-298a7741df92&#8243; custom_margin=&#8221;||2.3rem||false|false&#8221; custom_margin_tablet=&#8221;||2.3rem||false|false&#8221; custom_margin_phone=&#8221;||1.5rem||false|false&#8221; custom_margin_last_edited=&#8221;on|phone&#8221; locked=&#8221;off&#8221; global_colors_info=&#8221;{}&#8221;]<\/p>\n<p>Les pr\u00e9sentes conditions sont r\u00e9gies et interpr\u00e9t\u00e9es conform\u00e9ment au droit belge. Seuls les tribunaux de Gand sont comp\u00e9tents pour trancher tout litige ayant trait \u00e0 ce site web, aux informations pr\u00e9sentes sur ce site web, \u00e0 votre utilisation du site web et des informations qui y sont fournies et\/ou aux pr\u00e9sentes conditions, sauf si le droit d&#8217;ordre public applicable stipule qu&#8217;un autre tribunal est comp\u00e9tent.<\/p>\n<p>[\/et_pb_text][\/et_pb_column][\/et_pb_row][\/et_pb_section]<\/p>\n","protected":false},"excerpt":{"rendered":"<p>Conditions d&#8217;utilisation site webCes conditions s&#8217;appliquent au site web www.easykit.be. En acc\u00e9dant \u00e0 ce site web ou en l&#8217;utilisant, vous marquez votre accord sur ces conditions. Si vous n&#8217;\u00eates pas d&#8217;accord avec leur contenu ou si vous avancez la moindre r\u00e9serve, nous vous demandons de ne pas visiter ce site ni utiliser les informations, les [&hellip;]<\/p>\n","protected":false},"author":1,"featured_media":0,"parent":0,"menu_order":0,"comment_status":"closed","ping_status":"closed","template":"","meta":{"_acf_changed":false,"_et_pb_use_builder":"on","_et_pb_old_content":"","_et_gb_content_width":"","inline_featured_image":false,"footnotes":""},"class_list":["post-6118","page","type-page","status-publish","hentry"],"acf":[],"yoast_head":"<!-- This site is optimized with the Yoast SEO Premium plugin v24.4 (Yoast SEO v27.2) - https:\/\/yoast.com\/product\/yoast-seo-premium-wordpress\/ -->\n<title>Disclaimer - EasyKit<\/title>\n<meta name=\"robots\" content=\"index, follow, max-snippet:-1, max-image-preview:large, max-video-preview:-1\" \/>\n<link rel=\"canonical\" href=\"https:\/\/www.easykit.be\/fr\/disclaimer\/\" \/>\n<meta property=\"og:locale\" content=\"fr_FR\" \/>\n<meta property=\"og:type\" content=\"article\" \/>\n<meta property=\"og:title\" content=\"Disclaimer\" \/>\n<meta property=\"og:description\" content=\"Conditions d&#039;utilisation site webCes conditions s&#039;appliquent au site web www.easykit.be. En acc\u00e9dant \u00e0 ce site web ou en l&#039;utilisant, vous marquez votre accord sur ces conditions. Si vous n&#039;\u00eates pas d&#039;accord avec leur contenu ou si vous avancez la moindre r\u00e9serve, nous vous demandons de ne pas visiter ce site ni utiliser les informations, les [&hellip;]\" \/>\n<meta property=\"og:site_name\" content=\"EasyKit\" \/>\n<meta property=\"article:publisher\" content=\"https:\/\/www.facebook.com\/Easykitnl\" \/>\n<meta property=\"article:modified_time\" content=\"2024-01-17T10:51:49+00:00\" \/>\n<meta property=\"og:image\" content=\"https:\/\/www.easykit.be\/wp-content\/uploads\/2024\/01\/Site-image.jpg\" \/>\n\t<meta property=\"og:image:width\" content=\"1200\" \/>\n\t<meta property=\"og:image:height\" content=\"675\" \/>\n\t<meta property=\"og:image:type\" content=\"image\/jpeg\" \/>\n<meta name=\"twitter:card\" content=\"summary_large_image\" \/>\n<meta name=\"twitter:site\" content=\"@Easykit2\" \/>\n<meta name=\"twitter:label1\" content=\"Dur\u00e9e de lecture estim\u00e9e\" \/>\n\t<meta name=\"twitter:data1\" content=\"11 minutes\" \/>\n<script type=\"application\/ld+json\" class=\"yoast-schema-graph\">{\"@context\":\"https:\/\/schema.org\",\"@graph\":[{\"@type\":\"WebPage\",\"@id\":\"https:\/\/www.easykit.be\/fr\/disclaimer\/\",\"url\":\"https:\/\/www.easykit.be\/fr\/disclaimer\/\",\"name\":\"Disclaimer - EasyKit\",\"isPartOf\":{\"@id\":\"https:\/\/www.easykit.be\/fr\/#website\"},\"datePublished\":\"2023-09-05T12:38:15+00:00\",\"dateModified\":\"2024-01-17T10:51:49+00:00\",\"breadcrumb\":{\"@id\":\"https:\/\/www.easykit.be\/fr\/disclaimer\/#breadcrumb\"},\"inLanguage\":\"fr-FR\",\"potentialAction\":[{\"@type\":\"ReadAction\",\"target\":[\"https:\/\/www.easykit.be\/fr\/disclaimer\/\"]}]},{\"@type\":\"BreadcrumbList\",\"@id\":\"https:\/\/www.easykit.be\/fr\/disclaimer\/#breadcrumb\",\"itemListElement\":[{\"@type\":\"ListItem\",\"position\":1,\"name\":\"Home\",\"item\":\"https:\/\/www.easykit.be\/fr\/\"},{\"@type\":\"ListItem\",\"position\":2,\"name\":\"Disclaimer\"}]},{\"@type\":\"WebSite\",\"@id\":\"https:\/\/www.easykit.be\/fr\/#website\",\"url\":\"https:\/\/www.easykit.be\/fr\/\",\"name\":\"EasyKit\",\"description\":\"Slimme zelfbouw\",\"publisher\":{\"@id\":\"https:\/\/www.easykit.be\/fr\/#organization\"},\"alternateName\":\"Slimme zelfbouw\",\"potentialAction\":[{\"@type\":\"SearchAction\",\"target\":{\"@type\":\"EntryPoint\",\"urlTemplate\":\"https:\/\/www.easykit.be\/fr\/?s={search_term_string}\"},\"query-input\":{\"@type\":\"PropertyValueSpecification\",\"valueRequired\":true,\"valueName\":\"search_term_string\"}}],\"inLanguage\":\"fr-FR\"},{\"@type\":\"Organization\",\"@id\":\"https:\/\/www.easykit.be\/fr\/#organization\",\"name\":\"EasyKit\",\"alternateName\":\"Slimme zelfbouw\",\"url\":\"https:\/\/www.easykit.be\/fr\/\",\"logo\":{\"@type\":\"ImageObject\",\"inLanguage\":\"fr-FR\",\"@id\":\"https:\/\/www.easykit.be\/fr\/#\/schema\/logo\/image\/\",\"url\":\"https:\/\/www.easykit.be\/wp-content\/uploads\/2024\/01\/Organization-logo.png\",\"contentUrl\":\"https:\/\/www.easykit.be\/wp-content\/uploads\/2024\/01\/Organization-logo.png\",\"width\":996,\"height\":996,\"caption\":\"EasyKit\"},\"image\":{\"@id\":\"https:\/\/www.easykit.be\/fr\/#\/schema\/logo\/image\/\"},\"sameAs\":[\"https:\/\/www.facebook.com\/Easykitnl\",\"https:\/\/x.com\/Easykit2\",\"https:\/\/www.youtube.com\/c\/EasykitBe1\",\"https:\/\/www.instagram.com\/easykit.slimme.zelfbouw\/\"]}]}<\/script>\n<!-- \/ Yoast SEO Premium plugin. -->","yoast_head_json":{"title":"Disclaimer - EasyKit","robots":{"index":"index","follow":"follow","max-snippet":"max-snippet:-1","max-image-preview":"max-image-preview:large","max-video-preview":"max-video-preview:-1"},"canonical":"https:\/\/www.easykit.be\/fr\/disclaimer\/","og_locale":"fr_FR","og_type":"article","og_title":"Disclaimer","og_description":"Conditions d'utilisation site webCes conditions s'appliquent au site web www.easykit.be. En acc\u00e9dant \u00e0 ce site web ou en l'utilisant, vous marquez votre accord sur ces conditions. Si vous n'\u00eates pas d'accord avec leur contenu ou si vous avancez la moindre r\u00e9serve, nous vous demandons de ne pas visiter ce site ni utiliser les informations, les [&hellip;]","og_site_name":"EasyKit","article_publisher":"https:\/\/www.facebook.com\/Easykitnl","article_modified_time":"2024-01-17T10:51:49+00:00","og_image":[{"width":1200,"height":675,"url":"https:\/\/www.easykit.be\/wp-content\/uploads\/2024\/01\/Site-image.jpg","type":"image\/jpeg"}],"twitter_card":"summary_large_image","twitter_site":"@Easykit2","twitter_misc":{"Dur\u00e9e de lecture estim\u00e9e":"11 minutes"},"schema":{"@context":"https:\/\/schema.org","@graph":[{"@type":"WebPage","@id":"https:\/\/www.easykit.be\/fr\/disclaimer\/","url":"https:\/\/www.easykit.be\/fr\/disclaimer\/","name":"Disclaimer - EasyKit","isPartOf":{"@id":"https:\/\/www.easykit.be\/fr\/#website"},"datePublished":"2023-09-05T12:38:15+00:00","dateModified":"2024-01-17T10:51:49+00:00","breadcrumb":{"@id":"https:\/\/www.easykit.be\/fr\/disclaimer\/#breadcrumb"},"inLanguage":"fr-FR","potentialAction":[{"@type":"ReadAction","target":["https:\/\/www.easykit.be\/fr\/disclaimer\/"]}]},{"@type":"BreadcrumbList","@id":"https:\/\/www.easykit.be\/fr\/disclaimer\/#breadcrumb","itemListElement":[{"@type":"ListItem","position":1,"name":"Home","item":"https:\/\/www.easykit.be\/fr\/"},{"@type":"ListItem","position":2,"name":"Disclaimer"}]},{"@type":"WebSite","@id":"https:\/\/www.easykit.be\/fr\/#website","url":"https:\/\/www.easykit.be\/fr\/","name":"EasyKit","description":"Slimme zelfbouw","publisher":{"@id":"https:\/\/www.easykit.be\/fr\/#organization"},"alternateName":"Slimme zelfbouw","potentialAction":[{"@type":"SearchAction","target":{"@type":"EntryPoint","urlTemplate":"https:\/\/www.easykit.be\/fr\/?s={search_term_string}"},"query-input":{"@type":"PropertyValueSpecification","valueRequired":true,"valueName":"search_term_string"}}],"inLanguage":"fr-FR"},{"@type":"Organization","@id":"https:\/\/www.easykit.be\/fr\/#organization","name":"EasyKit","alternateName":"Slimme zelfbouw","url":"https:\/\/www.easykit.be\/fr\/","logo":{"@type":"ImageObject","inLanguage":"fr-FR","@id":"https:\/\/www.easykit.be\/fr\/#\/schema\/logo\/image\/","url":"https:\/\/www.easykit.be\/wp-content\/uploads\/2024\/01\/Organization-logo.png","contentUrl":"https:\/\/www.easykit.be\/wp-content\/uploads\/2024\/01\/Organization-logo.png","width":996,"height":996,"caption":"EasyKit"},"image":{"@id":"https:\/\/www.easykit.be\/fr\/#\/schema\/logo\/image\/"},"sameAs":["https:\/\/www.facebook.com\/Easykitnl","https:\/\/x.com\/Easykit2","https:\/\/www.youtube.com\/c\/EasykitBe1","https:\/\/www.instagram.com\/easykit.slimme.zelfbouw\/"]}]}},"publishpress_future_workflow_manual_trigger":{"enabledWorkflows":[]},"_links":{"self":[{"href":"https:\/\/www.easykit.be\/fr\/wp-json\/wp\/v2\/pages\/6118","targetHints":{"allow":["GET"]}}],"collection":[{"href":"https:\/\/www.easykit.be\/fr\/wp-json\/wp\/v2\/pages"}],"about":[{"href":"https:\/\/www.easykit.be\/fr\/wp-json\/wp\/v2\/types\/page"}],"author":[{"embeddable":true,"href":"https:\/\/www.easykit.be\/fr\/wp-json\/wp\/v2\/users\/1"}],"replies":[{"embeddable":true,"href":"https:\/\/www.easykit.be\/fr\/wp-json\/wp\/v2\/comments?post=6118"}],"version-history":[{"count":3,"href":"https:\/\/www.easykit.be\/fr\/wp-json\/wp\/v2\/pages\/6118\/revisions"}],"predecessor-version":[{"id":11238,"href":"https:\/\/www.easykit.be\/fr\/wp-json\/wp\/v2\/pages\/6118\/revisions\/11238"}],"wp:attachment":[{"href":"https:\/\/www.easykit.be\/fr\/wp-json\/wp\/v2\/media?parent=6118"}],"curies":[{"name":"wp","href":"https:\/\/api.w.org\/{rel}","templated":true}]}}