{"id":10712,"date":"2023-12-11T06:03:42","date_gmt":"2023-12-11T06:03:42","guid":{"rendered":"https:\/\/www.easykit.be\/lets-connect\/lets-connect-voorstellen\/"},"modified":"2023-12-24T12:51:16","modified_gmt":"2023-12-24T12:51:16","slug":"introduction","status":"publish","type":"page","link":"https:\/\/www.easykit.be\/fr\/lets-connect\/introduction\/","title":{"rendered":"Let\u2019s connect &#8211; Introduction"},"content":{"rendered":"<p>[et_pb_section fb_built=&#8221;1&#8243; custom_padding_last_edited=&#8221;on|tablet&#8221; _builder_version=&#8221;4.22.1&#8243; _module_preset=&#8221;default&#8221; background_image=&#8221;\/wp-content\/themes\/Divi\/images\/background_dots_blue.svg&#8221; background_size=&#8221;contain&#8221; background_position=&#8221;bottom_center&#8221; min_height=&#8221;100vh&#8221; custom_margin=&#8221;||-60px||false|false&#8221; custom_margin_tablet=&#8221;||-30px||false|false&#8221; custom_margin_phone=&#8221;||0px||false|false&#8221; custom_margin_last_edited=&#8221;on|phone&#8221; custom_padding=&#8221;10rem||4rem||false|false&#8221; custom_padding_tablet=&#8221;10rem||3rem||false|false&#8221; custom_padding_phone=&#8221;4rem||2rem||false|false&#8221; hover_enabled=&#8221;0&#8243; locked=&#8221;off&#8221; global_colors_info=&#8221;{}&#8221; background_color=&#8221;#F8FAFF&#8221; sticky_enabled=&#8221;0&#8243;][et_pb_row custom_padding_last_edited=&#8221;on|phone&#8221; _builder_version=&#8221;4.22.1&#8243; _module_preset=&#8221;default&#8221; width=&#8221;100%&#8221; max_width=&#8221;1000px&#8221; custom_padding=&#8221;|30px||30px|false|false&#8221; custom_padding_tablet=&#8221;|30px||30px|false|false&#8221; custom_padding_phone=&#8221;|20px||20px|false|false&#8221; custom_css_main_element=&#8221;overflow: hidden!important;&#8221; global_colors_info=&#8221;{}&#8221;][et_pb_column type=&#8221;4_4&#8243; _builder_version=&#8221;4.22.1&#8243; _module_preset=&#8221;default&#8221; global_colors_info=&#8221;{}&#8221;][dsm_contact_form_7 cf7_library=&#8221;10701&#8243; module_class=&#8221;cf7-lets-connect&#8221; _builder_version=&#8221;4.22.1&#8243; _module_preset=&#8221;default&#8221; hover_enabled=&#8221;0&#8243; global_colors_info=&#8221;{}&#8221; sticky_enabled=&#8221;0&#8243;][\/dsm_contact_form_7][\/et_pb_column][\/et_pb_row][\/et_pb_section]<\/p>\n","protected":false},"excerpt":{"rendered":"<div class=\"et_pb_module dsm_contact_form_7 dsm_contact_form_7_0 cf7-lets-connect\">\n\t\t\t\t\n\t\t\t\t\n\t\t\t\t\n\t\t\t\t\n\t\t\t\t\n\t\t\t\t\n\t\t\t\t<div class=\"et_pb_module_inner\">\n\t\t\t\t\t<div class=\"\">\n\t\t\t\t\n<div class=\"wpcf7 no-js\" id=\"wpcf7-f10701-o1\" lang=\"fr-FR\" dir=\"ltr\" data-wpcf7-id=\"10701\">\n<div class=\"screen-reader-response\"><p role=\"status\" aria-live=\"polite\" aria-atomic=\"true\"><\/p> <ul><\/ul><\/div>\n<form action=\"\/fr\/wp-json\/wp\/v2\/pages\/10712#wpcf7-f10701-o1\" method=\"post\" class=\"wpcf7-form init\" aria-label=\"Formulaire de contact\" novalidate=\"novalidate\" data-status=\"init\">\n<fieldset class=\"hidden-fields-container\"><input type=\"hidden\" name=\"_wpcf7\" value=\"10701\" \/><input type=\"hidden\" name=\"_wpcf7_version\" value=\"6.1.5\" \/><input type=\"hidden\" name=\"_wpcf7_locale\" value=\"fr_FR\" \/><input type=\"hidden\" name=\"_wpcf7_unit_tag\" value=\"wpcf7-f10701-o1\" \/><input type=\"hidden\" name=\"_wpcf7_container_post\" value=\"0\" \/><input type=\"hidden\" name=\"_wpcf7_posted_data_hash\" value=\"\" \/><input type=\"hidden\" name=\"_wpcf7cf_hidden_group_fields\" value=\"[]\" \/><input type=\"hidden\" name=\"_wpcf7cf_hidden_groups\" value=\"[]\" \/><input type=\"hidden\" name=\"_wpcf7cf_visible_groups\" value=\"[]\" \/><input type=\"hidden\" name=\"_wpcf7cf_repeaters\" value=\"[]\" \/><input type=\"hidden\" name=\"_wpcf7cf_steps\" value=\"{}\" \/><input type=\"hidden\" name=\"_wpcf7cf_options\" value=\"{&quot;form_id&quot;:10701,&quot;conditions&quot;:[{&quot;then_field&quot;:&quot;group-form-1&quot;,&quot;and_rules&quot;:[{&quot;if_field&quot;:&quot;question-s3-g3&quot;,&quot;operator&quot;:&quot;equals&quot;,&quot;if_value&quot;:&quot;Vente&quot;}]},{&quot;then_field&quot;:&quot;group-form-1&quot;,&quot;and_rules&quot;:[{&quot;if_field&quot;:&quot;question-s3-g3&quot;,&quot;operator&quot;:&quot;equals&quot;,&quot;if_value&quot;:&quot;Marketing&quot;}]},{&quot;then_field&quot;:&quot;group-form-1&quot;,&quot;and_rules&quot;:[{&quot;if_field&quot;:&quot;question-s3-g3&quot;,&quot;operator&quot;:&quot;equals&quot;,&quot;if_value&quot;:&quot;IT&quot;}]},{&quot;then_field&quot;:&quot;group-form-1&quot;,&quot;and_rules&quot;:[{&quot;if_field&quot;:&quot;question-s3-g3&quot;,&quot;operator&quot;:&quot;equals&quot;,&quot;if_value&quot;:&quot;RH (Ressources Humaines)&quot;}]},{&quot;then_field&quot;:&quot;group-form-1&quot;,&quot;and_rules&quot;:[{&quot;if_field&quot;:&quot;question-s3-g3&quot;,&quot;operator&quot;:&quot;equals&quot;,&quot;if_value&quot;:&quot;Service&quot;}]},{&quot;then_field&quot;:&quot;group-form-1&quot;,&quot;and_rules&quot;:[{&quot;if_field&quot;:&quot;question-s3-g3&quot;,&quot;operator&quot;:&quot;equals&quot;,&quot;if_value&quot;:&quot;Produit&quot;}]},{&quot;then_field&quot;:&quot;group-form-1&quot;,&quot;and_rules&quot;:[{&quot;if_field&quot;:&quot;question-s3-g3&quot;,&quot;operator&quot;:&quot;equals&quot;,&quot;if_value&quot;:&quot;Finance&quot;}]},{&quot;then_field&quot;:&quot;group-form-1&quot;,&quot;and_rules&quot;:[{&quot;if_field&quot;:&quot;question-s3-g3&quot;,&quot;operator&quot;:&quot;equals&quot;,&quot;if_value&quot;:&quot;Direction&quot;}]}],&quot;settings&quot;:{&quot;animation&quot;:&quot;yes&quot;,&quot;animation_intime&quot;:200,&quot;animation_outtime&quot;:200,&quot;conditions_ui&quot;:&quot;normal&quot;,&quot;notice_dismissed&quot;:false,&quot;regex_numeric&quot;:&quot;^[0-9]+$&quot;,&quot;regex_alphabetic&quot;:&quot;^[a-zA-Z]+$&quot;,&quot;regex_alphanumeric&quot;:&quot;^[a-zA-Z0-9]+$&quot;,&quot;regex_date&quot;:&quot;^(0?[1-9]|1[012])[- .](0?[1-9]|[12][0-9]|3[01])[- \\\/.](19|20)?[0-9]{2}$&quot;,&quot;regex_email&quot;:&quot;^[a-zA-Z0-9._%-]+@[a-zA-Z0-9.-]+.[a-zA-Z]{2,4}$&quot;,&quot;regex_numeric_label&quot;:&quot;numeric&quot;,&quot;regex_alphabetic_label&quot;:&quot;alphabetic&quot;,&quot;regex_alphanumeric_label&quot;:&quot;alphanumeric&quot;,&quot;regex_date_label&quot;:&quot;date&quot;,&quot;regex_email_label&quot;:&quot;email&quot;,&quot;regex_custom_1&quot;:&quot;&quot;,&quot;regex_custom_2&quot;:&quot;&quot;,&quot;regex_custom_3&quot;:&quot;&quot;,&quot;regex_custom_4&quot;:&quot;&quot;,&quot;regex_custom_5&quot;:&quot;&quot;,&quot;regex_custom_1_label&quot;:&quot;custom 1&quot;,&quot;regex_custom_2_label&quot;:&quot;custom 2&quot;,&quot;regex_custom_3_label&quot;:&quot;custom 3&quot;,&quot;regex_custom_4_label&quot;:&quot;custom 4&quot;,&quot;regex_custom_5_label&quot;:&quot;custom 5&quot;,&quot;notice_dismissed_rollback-cf7-5.7.3&quot;:true}}\" \/><input type=\"hidden\" name=\"_wpcf7_recaptcha_response\" value=\"\" \/>\n<\/fieldset>\n<input class=\"wpcf7-form-control wpcf7-hidden\" value=\"\" type=\"hidden\" name=\"client-type\" \/>\n<input class=\"wpcf7-form-control wpcf7-hidden\" value=\"introduction\" type=\"hidden\" name=\"type\" \/>\n<input class=\"wpcf7-form-control wpcf7-hidden\" value=\"fr\" type=\"hidden\" name=\"lang\" \/>\n<input class=\"wpcf7-form-control wpcf7-hidden\" value=\"voorstellen\" type=\"hidden\" name=\"createsend-list\" \/>\n<div class=\"wpcf7cf_multistep\">\n\t<div class=\"wpcf7cf_steps-dots\">\n\t<\/div>\n\t<div class=\"wpcf7cf_steps\">\n\t\t<div class=\"wpcf7cf_step\" data-title=\"Step 1\" data-id=\"step-1\" >\n\t\t\t<div class=\"wpcf7cf_step_inner\">\n\t\t\t\t<div class=\"step-title\">\n\t\t\t\t\t<p>Step 1\n\t\t\t\t\t<\/p>\n\t\t\t\t<\/div>\n\t\t\t\t<h3 class=\"cf-title-h4\">\u00c0 quel service votre message est-il destin\u00e9 (1 choix) ?\n\t\t\t\t<\/h3>\n\t\t\t\t<div class=\"cf-grid-one cf-list-step-3\">\n\t\t\t\t\t<div class=\"cf-grid_item cf-grid_item__col\">\n\t\t\t\t\t\t<p><label class=\"custom-radio\"><i class=\"icon-check-square\"><\/i><span class=\"wpcf7-form-control-wrap\" data-name=\"question-s3-g3\"><span class=\"wpcf7-form-control wpcf7-radio\"><span class=\"wpcf7-list-item first last\"><input type=\"radio\" name=\"question-s3-g3\" value=\"Vente\" \/><span class=\"wpcf7-list-item-label\">Vente<\/span><\/span><\/span><\/span><\/label>\n\t\t\t\t\t\t<\/p>\n\t\t\t\t\t<\/div>\n\t\t\t\t\t<div class=\"cf-grid_item cf-grid_item__col\">\n\t\t\t\t\t\t<p><label class=\"custom-radio\"><i class=\"icon-check-square\"><\/i><span class=\"wpcf7-form-control-wrap\" data-name=\"question-s3-g3\"><span class=\"wpcf7-form-control wpcf7-radio\"><span class=\"wpcf7-list-item first last\"><input type=\"radio\" name=\"question-s3-g3\" value=\"Marketing\" \/><span class=\"wpcf7-list-item-label\">Marketing<\/span><\/span><\/span><\/span><\/label>\n\t\t\t\t\t\t<\/p>\n\t\t\t\t\t<\/div>\n\t\t\t\t\t<div class=\"cf-grid_item cf-grid_item__col\">\n\t\t\t\t\t\t<p><label class=\"custom-radio\"><i class=\"icon-check-square\"><\/i><span class=\"wpcf7-form-control-wrap\" data-name=\"question-s3-g3\"><span class=\"wpcf7-form-control wpcf7-radio\"><span class=\"wpcf7-list-item first last\"><input type=\"radio\" name=\"question-s3-g3\" value=\"IT\" \/><span class=\"wpcf7-list-item-label\">IT<\/span><\/span><\/span><\/span><\/label>\n\t\t\t\t\t\t<\/p>\n\t\t\t\t\t<\/div>\n\t\t\t\t\t<div class=\"cf-grid_item cf-grid_item__col\">\n\t\t\t\t\t\t<p><label class=\"custom-radio\"><i class=\"icon-check-square\"><\/i><span class=\"wpcf7-form-control-wrap\" data-name=\"question-s3-g3\"><span class=\"wpcf7-form-control wpcf7-radio\"><span class=\"wpcf7-list-item first last\"><input type=\"radio\" name=\"question-s3-g3\" value=\"RH (Ressources Humaines)\" \/><span class=\"wpcf7-list-item-label\">RH (Ressources Humaines)<\/span><\/span><\/span><\/span><\/label>\n\t\t\t\t\t\t<\/p>\n\t\t\t\t\t<\/div>\n\t\t\t\t\t<div class=\"cf-grid_item cf-grid_item__col\">\n\t\t\t\t\t\t<p><label class=\"custom-radio\"><i class=\"icon-check-square\"><\/i><span class=\"wpcf7-form-control-wrap\" data-name=\"question-s3-g3\"><span class=\"wpcf7-form-control wpcf7-radio\"><span class=\"wpcf7-list-item first last\"><input type=\"radio\" name=\"question-s3-g3\" value=\"Service\" \/><span class=\"wpcf7-list-item-label\">Service<\/span><\/span><\/span><\/span><\/label>\n\t\t\t\t\t\t<\/p>\n\t\t\t\t\t<\/div>\n\t\t\t\t\t<div class=\"cf-grid_item cf-grid_item__col\">\n\t\t\t\t\t\t<p><label class=\"custom-radio\"><i class=\"icon-check-square\"><\/i><span class=\"wpcf7-form-control-wrap\" data-name=\"question-s3-g3\"><span class=\"wpcf7-form-control wpcf7-radio\"><span class=\"wpcf7-list-item first last\"><input type=\"radio\" name=\"question-s3-g3\" value=\"Produit\" \/><span class=\"wpcf7-list-item-label\">Produit<\/span><\/span><\/span><\/span><\/label>\n\t\t\t\t\t\t<\/p>\n\t\t\t\t\t<\/div>\n\t\t\t\t\t<div class=\"cf-grid_item cf-grid_item__col\">\n\t\t\t\t\t\t<p><label class=\"custom-radio\"><i class=\"icon-check-square\"><\/i><span class=\"wpcf7-form-control-wrap\" data-name=\"question-s3-g3\"><span class=\"wpcf7-form-control wpcf7-radio\"><span class=\"wpcf7-list-item first last\"><input type=\"radio\" name=\"question-s3-g3\" value=\"Finance\" \/><span class=\"wpcf7-list-item-label\">Finance<\/span><\/span><\/span><\/span><\/label>\n\t\t\t\t\t\t<\/p>\n\t\t\t\t\t<\/div>\n\t\t\t\t\t<div class=\"cf-grid_item cf-grid_item__col\">\n\t\t\t\t\t\t<p><label class=\"custom-radio\"><i class=\"icon-check-square\"><\/i><span class=\"wpcf7-form-control-wrap\" data-name=\"question-s3-g3\"><span class=\"wpcf7-form-control wpcf7-radio\"><span class=\"wpcf7-list-item first last\"><input type=\"radio\" name=\"question-s3-g3\" value=\"Direction\" \/><span class=\"wpcf7-list-item-label\">Direction<\/span><\/span><\/span><\/span><\/label>\n\t\t\t\t\t\t<\/p>\n\t\t\t\t\t<\/div>\n\t\t\t\t<\/div>\n\t\t\t<\/div>\n\t\t<\/div>\n\t\t<div class=\"wpcf7cf_step\" data-title=\"Step 2\" data-id=\"step-2\" >\n\t\t\t<div class=\"wpcf7cf_step_inner\">\n\t\t\t\t<div class=\"step-title\">\n\t\t\t\t\t<p>Step 2\n\t\t\t\t\t<\/p>\n\t\t\t\t<\/div>\n\t\t\t\t<div data-id=\"group-form-1\" data-orig_data_id=\"group-form-1\"  data-class=\"wpcf7cf_group\">\n\t\t\t\t\t<div class=\"cf-list-step-4\">\n\t\t\t\t\t\t<h3 class=\"cf-title-h4\">Coordonn\u00e9es de contact.\n\t\t\t\t\t\t<\/h3>\n\t\t\t\t\t\t<div class=\"cform__row\">\n\t\t\t\t\t\t\t<div class=\"cform__field\">\n\t\t\t\t\t\t\t\t<p><label>Nom <span class=\"red\">*<\/span><\/label><br \/>\n<span class=\"wpcf7-form-control-wrap\" data-name=\"first-name\"><input size=\"40\" maxlength=\"400\" class=\"wpcf7-form-control wpcf7-text wpcf7-validates-as-required\" aria-required=\"true\" aria-invalid=\"false\" placeholder=\"Entrez votre nom\" value=\"\" type=\"text\" name=\"first-name\" \/><\/span>\n\t\t\t\t\t\t\t\t<\/p>\n\t\t\t\t\t\t\t<\/div>\n\t\t\t\t\t\t\t<div class=\"cform__field\">\n\t\t\t\t\t\t\t\t<p><label>Pr\u00e9nom <span class=\"red\">*<\/span><\/label><br \/>\n<span class=\"wpcf7-form-control-wrap\" data-name=\"last-name\"><input size=\"40\" maxlength=\"400\" class=\"wpcf7-form-control wpcf7-text wpcf7-validates-as-required\" aria-required=\"true\" aria-invalid=\"false\" placeholder=\"Entrez votre pr\u00e9nom\" value=\"\" type=\"text\" name=\"last-name\" \/><\/span>\n\t\t\t\t\t\t\t\t<\/p>\n\t\t\t\t\t\t\t<\/div>\n\t\t\t\t\t\t<\/div>\n\t\t\t\t\t\t<div class=\"cform__row\">\n\t\t\t\t\t\t\t<div class=\"cform__field\">\n\t\t\t\t\t\t\t\t<p><label>Adresse e-mail <span class=\"red\">*<\/span><\/label><br \/>\n<span class=\"wpcf7-form-control-wrap\" data-name=\"email-address\"><input size=\"40\" maxlength=\"400\" class=\"wpcf7-form-control wpcf7-email wpcf7-validates-as-required wpcf7-text wpcf7-validates-as-email\" aria-required=\"true\" aria-invalid=\"false\" placeholder=\"Saisissez votre adresse e-mail\" value=\"\" type=\"email\" name=\"email-address\" \/><\/span>\n\t\t\t\t\t\t\t\t<\/p>\n\t\t\t\t\t\t\t<\/div>\n\t\t\t\t\t\t\t<div class=\"cform__field\">\n\t\t\t\t\t\t\t\t<p><label>Num\u00e9ro de t\u00e9l\u00e9phone <span class=\"red\">*<\/span><\/label><br \/>\n<span class=\"wpcf7-form-control-wrap\" data-name=\"phone-number\"><input size=\"40\" maxlength=\"400\" class=\"wpcf7-form-control wpcf7-tel wpcf7-validates-as-required wpcf7-text wpcf7-validates-as-tel\" aria-required=\"true\" aria-invalid=\"false\" placeholder=\"Entrez votre num\u00e9ro de t\u00e9l\u00e9phone\" value=\"\" type=\"tel\" name=\"phone-number\" \/><\/span>\n\t\t\t\t\t\t\t\t<\/p>\n\t\t\t\t\t\t\t<\/div>\n\t\t\t\t\t\t<\/div>\n\t\t\t\t\t\t<div class=\"cform__field\">\n\t\t\t\t\t\t\t<p><label>Nom de l'entreprise <span class=\"red\">*<\/span><\/label><br \/>\n<span class=\"wpcf7-form-control-wrap\" data-name=\"company\"><input size=\"40\" maxlength=\"400\" class=\"wpcf7-form-control wpcf7-text wpcf7-validates-as-required\" aria-required=\"true\" aria-invalid=\"false\" placeholder=\"Saisissez le nom de l&#039;entreprise\" value=\"\" type=\"text\" name=\"company\" \/><\/span>\n\t\t\t\t\t\t\t<\/p>\n\t\t\t\t\t\t<\/div>\n\t\t\t\t\t\t<div class=\"cform__field\">\n\t\t\t\t\t\t\t<p><label>Message<\/label><br \/>\n<span class=\"wpcf7-form-control-wrap\" data-name=\"bericht\"><textarea cols=\"40\" rows=\"10\" maxlength=\"2000\" class=\"wpcf7-form-control wpcf7-textarea\" aria-invalid=\"false\" placeholder=\"Que voulez-vous nous \u00e9crire ?\" name=\"bericht\"><\/textarea><\/span>\n\t\t\t\t\t\t\t<\/p>\n\t\t\t\t\t\t<\/div>\n\t\t\t\t\t\t<p><button class=\"wpcf7-form-control wpcf7-submit has-spinner et_pb_button et_pb_bg_layout_light\" type=\"submit\" value=\"Envoyer\">Envoyer<\/button>\n\t\t\t\t\t\t<\/p>\n\t\t\t\t\t<\/div>\n\t\t\t\t<\/div>\n\t\t\t<\/div>\n\t\t<\/div>\n\t<\/div>\n\t<p class=\"wpcf7cf_step_controls\"><span class=\"wpcf7cf_prev-container\"><button type=\"button\" class=\"wpcf7cf_prev\">Retour<\/button><\/span><span class=\"wpcf7cf_next-container\"><button type=\"button\" class=\"wpcf7cf_next\">Suivant<\/button><\/span>\n\t<\/p>\n<\/div><div class=\"wpcf7-response-output\" aria-hidden=\"true\"><\/div>\n<\/form>\n<\/div>\n\n\t\t\t<\/div>\n\t\t\t\t<\/div>\n\t\t\t<\/div>\n","protected":false},"author":1,"featured_media":0,"parent":10703,"menu_order":0,"comment_status":"closed","ping_status":"closed","template":"","meta":{"_acf_changed":false,"_et_pb_use_builder":"on","_et_pb_old_content":"","_et_gb_content_width":"","inline_featured_image":false,"footnotes":""},"class_list":["post-10712","page","type-page","status-publish","hentry"],"acf":[],"yoast_head":"<!-- This site is optimized with the Yoast SEO Premium plugin v24.4 (Yoast SEO v27.2) - https:\/\/yoast.com\/product\/yoast-seo-premium-wordpress\/ -->\n<title>Let\u2019s connect - Introduction - EasyKit<\/title>\n<meta name=\"robots\" content=\"index, follow, max-snippet:-1, max-image-preview:large, max-video-preview:-1\" \/>\n<link rel=\"canonical\" href=\"https:\/\/www.easykit.be\/fr\/lets-connect\/introduction\/\" \/>\n<meta property=\"og:locale\" content=\"fr_FR\" \/>\n<meta property=\"og:type\" content=\"article\" \/>\n<meta property=\"og:title\" content=\"Let\u2019s connect - Introduction\" \/>\n<meta property=\"og:site_name\" content=\"EasyKit\" \/>\n<meta property=\"article:publisher\" content=\"https:\/\/www.facebook.com\/Easykitnl\" \/>\n<meta property=\"article:modified_time\" content=\"2023-12-24T12:51:16+00:00\" \/>\n<meta property=\"og:image\" content=\"https:\/\/www.easykit.be\/wp-content\/uploads\/2024\/01\/Site-image.jpg\" \/>\n\t<meta property=\"og:image:width\" content=\"1200\" \/>\n\t<meta property=\"og:image:height\" content=\"675\" \/>\n\t<meta property=\"og:image:type\" content=\"image\/jpeg\" \/>\n<meta name=\"twitter:card\" content=\"summary_large_image\" \/>\n<meta name=\"twitter:description\" content=\"[dsm_contact_form_7 cf7_library=&quot;10701&quot; module_class=&quot;cf7-lets-connect&quot; _builder_version=&quot;4.22.1&quot; _module_preset=&quot;default&quot; hover_enabled=&quot;0&quot; global_colors_info=&quot;{}&quot; sticky_enabled=&quot;0&quot;][\/dsm_contact_form_7]\" \/>\n<meta name=\"twitter:site\" content=\"@Easykit2\" \/>\n<meta name=\"twitter:label1\" content=\"Dur\u00e9e de lecture estim\u00e9e\" \/>\n\t<meta name=\"twitter:data1\" content=\"1 minute\" \/>\n<script type=\"application\/ld+json\" class=\"yoast-schema-graph\">{\"@context\":\"https:\/\/schema.org\",\"@graph\":[{\"@type\":\"WebPage\",\"@id\":\"https:\/\/www.easykit.be\/fr\/lets-connect\/introduction\/\",\"url\":\"https:\/\/www.easykit.be\/fr\/lets-connect\/introduction\/\",\"name\":\"Let\u2019s connect - Introduction - EasyKit\",\"isPartOf\":{\"@id\":\"https:\/\/www.easykit.be\/fr\/#website\"},\"datePublished\":\"2023-12-11T06:03:42+00:00\",\"dateModified\":\"2023-12-24T12:51:16+00:00\",\"breadcrumb\":{\"@id\":\"https:\/\/www.easykit.be\/fr\/lets-connect\/introduction\/#breadcrumb\"},\"inLanguage\":\"fr-FR\",\"potentialAction\":[{\"@type\":\"ReadAction\",\"target\":[\"https:\/\/www.easykit.be\/fr\/lets-connect\/introduction\/\"]}]},{\"@type\":\"BreadcrumbList\",\"@id\":\"https:\/\/www.easykit.be\/fr\/lets-connect\/introduction\/#breadcrumb\",\"itemListElement\":[{\"@type\":\"ListItem\",\"position\":1,\"name\":\"Home\",\"item\":\"https:\/\/www.easykit.be\/fr\/\"},{\"@type\":\"ListItem\",\"position\":2,\"name\":\"Let\u2019s connect\",\"item\":\"https:\/\/www.easykit.be\/fr\/lets-connect\/\"},{\"@type\":\"ListItem\",\"position\":3,\"name\":\"Let\u2019s connect &#8211; Introduction\"}]},{\"@type\":\"WebSite\",\"@id\":\"https:\/\/www.easykit.be\/fr\/#website\",\"url\":\"https:\/\/www.easykit.be\/fr\/\",\"name\":\"EasyKit\",\"description\":\"Slimme zelfbouw\",\"publisher\":{\"@id\":\"https:\/\/www.easykit.be\/fr\/#organization\"},\"alternateName\":\"Slimme zelfbouw\",\"potentialAction\":[{\"@type\":\"SearchAction\",\"target\":{\"@type\":\"EntryPoint\",\"urlTemplate\":\"https:\/\/www.easykit.be\/fr\/?s={search_term_string}\"},\"query-input\":{\"@type\":\"PropertyValueSpecification\",\"valueRequired\":true,\"valueName\":\"search_term_string\"}}],\"inLanguage\":\"fr-FR\"},{\"@type\":\"Organization\",\"@id\":\"https:\/\/www.easykit.be\/fr\/#organization\",\"name\":\"EasyKit\",\"alternateName\":\"Slimme zelfbouw\",\"url\":\"https:\/\/www.easykit.be\/fr\/\",\"logo\":{\"@type\":\"ImageObject\",\"inLanguage\":\"fr-FR\",\"@id\":\"https:\/\/www.easykit.be\/fr\/#\/schema\/logo\/image\/\",\"url\":\"https:\/\/www.easykit.be\/wp-content\/uploads\/2024\/01\/Organization-logo.png\",\"contentUrl\":\"https:\/\/www.easykit.be\/wp-content\/uploads\/2024\/01\/Organization-logo.png\",\"width\":996,\"height\":996,\"caption\":\"EasyKit\"},\"image\":{\"@id\":\"https:\/\/www.easykit.be\/fr\/#\/schema\/logo\/image\/\"},\"sameAs\":[\"https:\/\/www.facebook.com\/Easykitnl\",\"https:\/\/x.com\/Easykit2\",\"https:\/\/www.youtube.com\/c\/EasykitBe1\",\"https:\/\/www.instagram.com\/easykit.slimme.zelfbouw\/\"]}]}<\/script>\n<!-- \/ Yoast SEO Premium plugin. -->","yoast_head_json":{"title":"Let\u2019s connect - Introduction - EasyKit","robots":{"index":"index","follow":"follow","max-snippet":"max-snippet:-1","max-image-preview":"max-image-preview:large","max-video-preview":"max-video-preview:-1"},"canonical":"https:\/\/www.easykit.be\/fr\/lets-connect\/introduction\/","og_locale":"fr_FR","og_type":"article","og_title":"Let\u2019s connect - Introduction","og_site_name":"EasyKit","article_publisher":"https:\/\/www.facebook.com\/Easykitnl","article_modified_time":"2023-12-24T12:51:16+00:00","og_image":[{"width":1200,"height":675,"url":"https:\/\/www.easykit.be\/wp-content\/uploads\/2024\/01\/Site-image.jpg","type":"image\/jpeg"}],"twitter_card":"summary_large_image","twitter_description":"[dsm_contact_form_7 cf7_library=\"10701\" module_class=\"cf7-lets-connect\" _builder_version=\"4.22.1\" _module_preset=\"default\" hover_enabled=\"0\" global_colors_info=\"{}\" sticky_enabled=\"0\"][\/dsm_contact_form_7]","twitter_site":"@Easykit2","twitter_misc":{"Dur\u00e9e de lecture estim\u00e9e":"1 minute"},"schema":{"@context":"https:\/\/schema.org","@graph":[{"@type":"WebPage","@id":"https:\/\/www.easykit.be\/fr\/lets-connect\/introduction\/","url":"https:\/\/www.easykit.be\/fr\/lets-connect\/introduction\/","name":"Let\u2019s connect - Introduction - EasyKit","isPartOf":{"@id":"https:\/\/www.easykit.be\/fr\/#website"},"datePublished":"2023-12-11T06:03:42+00:00","dateModified":"2023-12-24T12:51:16+00:00","breadcrumb":{"@id":"https:\/\/www.easykit.be\/fr\/lets-connect\/introduction\/#breadcrumb"},"inLanguage":"fr-FR","potentialAction":[{"@type":"ReadAction","target":["https:\/\/www.easykit.be\/fr\/lets-connect\/introduction\/"]}]},{"@type":"BreadcrumbList","@id":"https:\/\/www.easykit.be\/fr\/lets-connect\/introduction\/#breadcrumb","itemListElement":[{"@type":"ListItem","position":1,"name":"Home","item":"https:\/\/www.easykit.be\/fr\/"},{"@type":"ListItem","position":2,"name":"Let\u2019s connect","item":"https:\/\/www.easykit.be\/fr\/lets-connect\/"},{"@type":"ListItem","position":3,"name":"Let\u2019s connect &#8211; Introduction"}]},{"@type":"WebSite","@id":"https:\/\/www.easykit.be\/fr\/#website","url":"https:\/\/www.easykit.be\/fr\/","name":"EasyKit","description":"Slimme zelfbouw","publisher":{"@id":"https:\/\/www.easykit.be\/fr\/#organization"},"alternateName":"Slimme zelfbouw","potentialAction":[{"@type":"SearchAction","target":{"@type":"EntryPoint","urlTemplate":"https:\/\/www.easykit.be\/fr\/?s={search_term_string}"},"query-input":{"@type":"PropertyValueSpecification","valueRequired":true,"valueName":"search_term_string"}}],"inLanguage":"fr-FR"},{"@type":"Organization","@id":"https:\/\/www.easykit.be\/fr\/#organization","name":"EasyKit","alternateName":"Slimme zelfbouw","url":"https:\/\/www.easykit.be\/fr\/","logo":{"@type":"ImageObject","inLanguage":"fr-FR","@id":"https:\/\/www.easykit.be\/fr\/#\/schema\/logo\/image\/","url":"https:\/\/www.easykit.be\/wp-content\/uploads\/2024\/01\/Organization-logo.png","contentUrl":"https:\/\/www.easykit.be\/wp-content\/uploads\/2024\/01\/Organization-logo.png","width":996,"height":996,"caption":"EasyKit"},"image":{"@id":"https:\/\/www.easykit.be\/fr\/#\/schema\/logo\/image\/"},"sameAs":["https:\/\/www.facebook.com\/Easykitnl","https:\/\/x.com\/Easykit2","https:\/\/www.youtube.com\/c\/EasykitBe1","https:\/\/www.instagram.com\/easykit.slimme.zelfbouw\/"]}]}},"publishpress_future_workflow_manual_trigger":{"enabledWorkflows":[]},"_links":{"self":[{"href":"https:\/\/www.easykit.be\/fr\/wp-json\/wp\/v2\/pages\/10712","targetHints":{"allow":["GET"]}}],"collection":[{"href":"https:\/\/www.easykit.be\/fr\/wp-json\/wp\/v2\/pages"}],"about":[{"href":"https:\/\/www.easykit.be\/fr\/wp-json\/wp\/v2\/types\/page"}],"author":[{"embeddable":true,"href":"https:\/\/www.easykit.be\/fr\/wp-json\/wp\/v2\/users\/1"}],"replies":[{"embeddable":true,"href":"https:\/\/www.easykit.be\/fr\/wp-json\/wp\/v2\/comments?post=10712"}],"version-history":[{"count":4,"href":"https:\/\/www.easykit.be\/fr\/wp-json\/wp\/v2\/pages\/10712\/revisions"}],"predecessor-version":[{"id":10761,"href":"https:\/\/www.easykit.be\/fr\/wp-json\/wp\/v2\/pages\/10712\/revisions\/10761"}],"up":[{"embeddable":true,"href":"https:\/\/www.easykit.be\/fr\/wp-json\/wp\/v2\/pages\/10703"}],"wp:attachment":[{"href":"https:\/\/www.easykit.be\/fr\/wp-json\/wp\/v2\/media?parent=10712"}],"curies":[{"name":"wp","href":"https:\/\/api.w.org\/{rel}","templated":true}]}}