{"id":10703,"date":"2023-11-27T05:27:30","date_gmt":"2023-11-27T05:27:30","guid":{"rendered":"https:\/\/www.easykit.be\/lets-connect\/"},"modified":"2024-05-04T08:17:50","modified_gmt":"2024-05-04T08:17:50","slug":"lets-connect","status":"publish","type":"page","link":"https:\/\/www.easykit.be\/fr\/lets-connect\/","title":{"rendered":"Let\u2019s connect"},"content":{"rendered":"<p>[et_pb_section fb_built=&#8221;1&#8243; custom_padding_last_edited=&#8221;on|phone&#8221; _builder_version=&#8221;4.22.1&#8243; _module_preset=&#8221;default&#8221; background_color=&#8221;#F8FAFF&#8221; background_image=&#8221;\/wp-content\/themes\/Divi\/images\/background_dots_blue.svg&#8221; background_size=&#8221;contain&#8221; background_position=&#8221;bottom_center&#8221; min_height=&#8221;100vh&#8221; custom_margin=&#8221;||-60px||false|false&#8221; custom_margin_tablet=&#8221;||-30px||false|false&#8221; custom_margin_phone=&#8221;||0px||false|false&#8221; custom_margin_last_edited=&#8221;on|phone&#8221; custom_padding=&#8221;14rem||5rem||false|false&#8221; custom_padding_tablet=&#8221;14rem||5rem||false|false&#8221; custom_padding_phone=&#8221;4rem||2rem||false|false&#8221; locked=&#8221;off&#8221; global_colors_info=&#8221;{}&#8221;][et_pb_row custom_padding_last_edited=&#8221;on|phone&#8221; _builder_version=&#8221;4.22.1&#8243; _module_preset=&#8221;default&#8221; width=&#8221;100%&#8221; max_width=&#8221;1000px&#8221; custom_padding=&#8221;|30px||30px|false|false&#8221; custom_padding_tablet=&#8221;|30px||30px|false|false&#8221; custom_padding_phone=&#8221;|20px||20px|false|false&#8221; global_colors_info=&#8221;{}&#8221;][et_pb_column type=&#8221;4_4&#8243; _builder_version=&#8221;4.22.1&#8243; _module_preset=&#8221;default&#8221; global_colors_info=&#8221;{}&#8221;][et_pb_code _builder_version=&#8221;4.22.1&#8243; _module_preset=&#8221;default&#8221; global_colors_info=&#8221;{}&#8221;]<\/p>\n<div class=\"lc-questions-wrap\" data-id=\"1\"><!-- [et_pb_line_break_holder] --><\/p>\n<h3 class=\"cf-title-h4\">Parle bri\u00e8vement de toi-m\u00eame.<\/h3>\n<p><!-- [et_pb_line_break_holder] --><\/p>\n<div class=\"cf-grid-one\"><!-- [et_pb_line_break_holder] --><\/p>\n<div class=\"cf-grid_item cf-grid_item__col _lc-questions\">\n<div class=\"cf-grid_item__text\"><a href=\"\/fr\/lets-connect\/citation\/\"><\/a>Je ne suis pas encore client(e)<\/div>\n<\/div>\n<p><!-- [et_pb_line_break_holder] --><\/p>\n<div class=\"cf-grid_item cf-grid_item__col lc-questions\" data-id=\"3\">\n<div class=\"cf-grid_item__text\">Je suis d\u00e9j\u00e0 client(e).<\/div>\n<\/div>\n<p><!-- [et_pb_line_break_holder] --><\/p>\n<div class=\"cf-grid_item cf-grid_item__col lc-questions\" data-id=\"4\">\n<div class=\"cf-grid_item__text\">Je suis professionnel(le)\/fournisseur(eur).<\/div>\n<\/div>\n<p><!-- [et_pb_line_break_holder] --><\/div>\n<p><!-- [et_pb_line_break_holder] --><\/div>\n<p><!-- [et_pb_line_break_holder] --><!-- [et_pb_line_break_holder] --><\/p>\n<div class=\"lc-questions-wrap\" data-id=\"2\" style=\"display: none\"><!-- [et_pb_line_break_holder] --><\/p>\n<h3 class=\"cf-title-h4\">Parle bri\u00e8vement de toi-m\u00eame.<\/h3>\n<p><!-- [et_pb_line_break_holder] --><\/p>\n<div class=\"cf-grid-one cf-list-step-2\"><!-- [et_pb_line_break_holder] --><\/p>\n<div class=\"cf-grid_item cf-grid_item__col\">\n<div class=\"cf-grid_item__text\"><i class=\"icon-external-link\"><\/i><a href=\"\/fr\/lets-connect\/citation\/\"><\/a>Je souhaite obtenir une \u00e9tude gratuite et un devis.<\/div>\n<\/div>\n<p><!-- [et_pb_line_break_holder] --><\/p>\n<div class=\"cf-grid_item cf-grid_item__col\">\n<div class=\"cf-grid_item__text\"><i class=\"icon-external-link\"><\/i><a href=\"\/fr\/lets-connect\/showroom\/\"><\/a>Je ne souhaite pas encore de devis, mais j&#8217;aimerais une visite guid\u00e9e de la salle d&#8217;exposition.<\/div>\n<\/div>\n<p><!-- [et_pb_line_break_holder] --><\/p>\n<div class=\"cf-grid_item cf-grid_item__col\">\n<div class=\"cf-grid_item__text\"><i class=\"icon-external-link\"><\/i><a href=\"\/fr\/lets-connect\/chat\/\"><\/a>J&#8217;aimerais avoir une conversation agr\u00e9able sur votre fonctionnement.<\/div>\n<\/div>\n<p><!-- [et_pb_line_break_holder] --><\/p>\n<div class=\"cf-grid_item cf-grid_item__col\">\n<div class=\"cf-grid_item__text\"><i class=\"icon-external-link\"><\/i><a href=\"\/fr\/lets-connect\/question-specifique\/\"><\/a>J&#8217;ai une question sp\u00e9cifique.<\/div>\n<\/div>\n<p><!-- [et_pb_line_break_holder] --><\/div>\n<p><!-- [et_pb_line_break_holder] --><button type=\"button\" class=\"wpcf7cf_prev lc-btn-back\" data-id=\"1\">Retour<\/button><!-- [et_pb_line_break_holder] --><\/div>\n<p><!-- [et_pb_line_break_holder] --><!-- [et_pb_line_break_holder] --><\/p>\n<div class=\"lc-questions-wrap\" data-id=\"3\" style=\"display: none\"><!-- [et_pb_line_break_holder] --><\/p>\n<h3 class=\"cf-title-h4\">Parle bri\u00e8vement de toi-m\u00eame.<\/h3>\n<p><!-- [et_pb_line_break_holder] --><\/p>\n<div class=\"cf-grid-one cf-list-step-2\"><!-- [et_pb_line_break_holder] --><\/p>\n<div class=\"cf-grid_item cf-grid_item__col\">\n<div class=\"cf-grid_item__text\"><i class=\"icon-external-link\"><\/i><a target=\"_blank\" href=\"\/myeasykit\/fr\" rel=\"noopener\"><\/a>Je souhaite faire r\u00e9aliser des travaux r\u00e9serv\u00e9s.<\/div>\n<\/div>\n<p><!-- [et_pb_line_break_holder] --><\/p>\n<div class=\"cf-grid_item cf-grid_item__col\">\n<div class=\"cf-grid_item__text\"><i class=\"icon-external-link\"><\/i><a href=\"\/fr\/lets-connect\/question\/\"><\/a>Je souhaite \u00eatre contact\u00e9(e) par mon coach en autoconstruction.<\/div>\n<\/div>\n<p><!-- [et_pb_line_break_holder] --><\/div>\n<p><!-- [et_pb_line_break_holder] --><button type=\"button\" class=\"wpcf7cf_prev lc-btn-back\" data-id=\"1\">Retour<\/button><!-- [et_pb_line_break_holder] --><\/div>\n<p><!-- [et_pb_line_break_holder] --><!-- [et_pb_line_break_holder] --><\/p>\n<div class=\"lc-questions-wrap\" data-id=\"4\" style=\"display: none\"><!-- [et_pb_line_break_holder] --><\/p>\n<h3 class=\"cf-title-h4\">Parle bri\u00e8vement de toi-m\u00eame.<\/h3>\n<p><!-- [et_pb_line_break_holder] --><\/p>\n<div class=\"cf-grid-one cf-list-step-2\"><!-- [et_pb_line_break_holder] --><\/p>\n<div class=\"cf-grid_item cf-grid_item__col\">\n<div class=\"cf-grid_item__text\"><i class=\"icon-external-link\"><\/i><a href=\"\/fr\/lets-connect\/introduction\/\"><\/a>Je souhaite pr\u00e9senter mon entreprise ou mes services.<\/div>\n<\/div>\n<p><!-- [et_pb_line_break_holder] --><\/div>\n<p><!-- [et_pb_line_break_holder] --><button type=\"button\" class=\"wpcf7cf_prev lc-btn-back\" data-id=\"1\">Retour<\/button><!-- [et_pb_line_break_holder] --><\/div>\n<p>[\/et_pb_code][dsm_contact_form_7 cf7_library=&#8221;10070&#8243; disabled_on=&#8221;on|on|on&#8221; module_class=&#8221;cf7-lets-connect cf7-lets-connect_base&#8221; _builder_version=&#8221;4.22.1&#8243; _module_preset=&#8221;default&#8221; disabled=&#8221;on&#8221; global_colors_info=&#8221;{}&#8221;][\/dsm_contact_form_7][\/et_pb_column][\/et_pb_row][\/et_pb_section]<\/p>\n","protected":false},"excerpt":{"rendered":"\n","protected":false},"author":1,"featured_media":0,"parent":0,"menu_order":0,"comment_status":"closed","ping_status":"closed","template":"","meta":{"_acf_changed":false,"_et_pb_use_builder":"on","_et_pb_old_content":"","_et_gb_content_width":"","inline_featured_image":false,"footnotes":""},"class_list":["post-10703","page","type-page","status-publish","hentry"],"acf":[],"yoast_head":"<!-- This site is optimized with the Yoast SEO Premium plugin v24.4 (Yoast SEO v27.2) - https:\/\/yoast.com\/product\/yoast-seo-premium-wordpress\/ -->\n<title>Let\u2019s connect - EasyKit<\/title>\n<meta name=\"robots\" content=\"index, follow, max-snippet:-1, max-image-preview:large, max-video-preview:-1\" \/>\n<link rel=\"canonical\" href=\"https:\/\/www.easykit.be\/fr\/lets-connect\/\" \/>\n<meta property=\"og:locale\" content=\"fr_FR\" \/>\n<meta property=\"og:type\" content=\"article\" \/>\n<meta property=\"og:title\" content=\"Let\u2019s connect\" \/>\n<meta property=\"og:site_name\" content=\"EasyKit\" \/>\n<meta property=\"article:publisher\" content=\"https:\/\/www.facebook.com\/Easykitnl\" \/>\n<meta property=\"article:modified_time\" content=\"2024-05-04T08:17:50+00:00\" \/>\n<meta property=\"og:image\" content=\"https:\/\/www.easykit.be\/wp-content\/uploads\/2024\/01\/Site-image.jpg\" \/>\n\t<meta property=\"og:image:width\" content=\"1200\" \/>\n\t<meta property=\"og:image:height\" content=\"675\" \/>\n\t<meta property=\"og:image:type\" content=\"image\/jpeg\" \/>\n<meta name=\"twitter:card\" content=\"summary_large_image\" \/>\n<meta name=\"twitter:description\" content=\"[dsm_contact_form_7 cf7_library=&quot;10070&quot; disabled_on=&quot;on|on|on&quot; module_class=&quot;cf7-lets-connect cf7-lets-connect_base&quot; _builder_version=&quot;4.22.1&quot; _module_preset=&quot;default&quot; disabled=&quot;on&quot; global_colors_info=&quot;{}&quot;][\/dsm_contact_form_7]\" \/>\n<meta name=\"twitter:site\" content=\"@Easykit2\" \/>\n<meta name=\"twitter:label1\" content=\"Dur\u00e9e de lecture estim\u00e9e\" \/>\n\t<meta name=\"twitter:data1\" content=\"2 minutes\" \/>\n<script type=\"application\/ld+json\" class=\"yoast-schema-graph\">{\"@context\":\"https:\/\/schema.org\",\"@graph\":[{\"@type\":\"WebPage\",\"@id\":\"https:\/\/www.easykit.be\/fr\/lets-connect\/\",\"url\":\"https:\/\/www.easykit.be\/fr\/lets-connect\/\",\"name\":\"Let\u2019s connect - EasyKit\",\"isPartOf\":{\"@id\":\"https:\/\/www.easykit.be\/fr\/#website\"},\"datePublished\":\"2023-11-27T05:27:30+00:00\",\"dateModified\":\"2024-05-04T08:17:50+00:00\",\"breadcrumb\":{\"@id\":\"https:\/\/www.easykit.be\/fr\/lets-connect\/#breadcrumb\"},\"inLanguage\":\"fr-FR\",\"potentialAction\":[{\"@type\":\"ReadAction\",\"target\":[\"https:\/\/www.easykit.be\/fr\/lets-connect\/\"]}]},{\"@type\":\"BreadcrumbList\",\"@id\":\"https:\/\/www.easykit.be\/fr\/lets-connect\/#breadcrumb\",\"itemListElement\":[{\"@type\":\"ListItem\",\"position\":1,\"name\":\"Home\",\"item\":\"https:\/\/www.easykit.be\/fr\/\"},{\"@type\":\"ListItem\",\"position\":2,\"name\":\"Let\u2019s connect\"}]},{\"@type\":\"WebSite\",\"@id\":\"https:\/\/www.easykit.be\/fr\/#website\",\"url\":\"https:\/\/www.easykit.be\/fr\/\",\"name\":\"EasyKit\",\"description\":\"Slimme zelfbouw\",\"publisher\":{\"@id\":\"https:\/\/www.easykit.be\/fr\/#organization\"},\"alternateName\":\"Slimme zelfbouw\",\"potentialAction\":[{\"@type\":\"SearchAction\",\"target\":{\"@type\":\"EntryPoint\",\"urlTemplate\":\"https:\/\/www.easykit.be\/fr\/?s={search_term_string}\"},\"query-input\":{\"@type\":\"PropertyValueSpecification\",\"valueRequired\":true,\"valueName\":\"search_term_string\"}}],\"inLanguage\":\"fr-FR\"},{\"@type\":\"Organization\",\"@id\":\"https:\/\/www.easykit.be\/fr\/#organization\",\"name\":\"EasyKit\",\"alternateName\":\"Slimme zelfbouw\",\"url\":\"https:\/\/www.easykit.be\/fr\/\",\"logo\":{\"@type\":\"ImageObject\",\"inLanguage\":\"fr-FR\",\"@id\":\"https:\/\/www.easykit.be\/fr\/#\/schema\/logo\/image\/\",\"url\":\"https:\/\/www.easykit.be\/wp-content\/uploads\/2024\/01\/Organization-logo.png\",\"contentUrl\":\"https:\/\/www.easykit.be\/wp-content\/uploads\/2024\/01\/Organization-logo.png\",\"width\":996,\"height\":996,\"caption\":\"EasyKit\"},\"image\":{\"@id\":\"https:\/\/www.easykit.be\/fr\/#\/schema\/logo\/image\/\"},\"sameAs\":[\"https:\/\/www.facebook.com\/Easykitnl\",\"https:\/\/x.com\/Easykit2\",\"https:\/\/www.youtube.com\/c\/EasykitBe1\",\"https:\/\/www.instagram.com\/easykit.slimme.zelfbouw\/\"]}]}<\/script>\n<!-- \/ Yoast SEO Premium plugin. -->","yoast_head_json":{"title":"Let\u2019s connect - EasyKit","robots":{"index":"index","follow":"follow","max-snippet":"max-snippet:-1","max-image-preview":"max-image-preview:large","max-video-preview":"max-video-preview:-1"},"canonical":"https:\/\/www.easykit.be\/fr\/lets-connect\/","og_locale":"fr_FR","og_type":"article","og_title":"Let\u2019s connect","og_site_name":"EasyKit","article_publisher":"https:\/\/www.facebook.com\/Easykitnl","article_modified_time":"2024-05-04T08:17:50+00:00","og_image":[{"width":1200,"height":675,"url":"https:\/\/www.easykit.be\/wp-content\/uploads\/2024\/01\/Site-image.jpg","type":"image\/jpeg"}],"twitter_card":"summary_large_image","twitter_description":"[dsm_contact_form_7 cf7_library=\"10070\" disabled_on=\"on|on|on\" module_class=\"cf7-lets-connect cf7-lets-connect_base\" _builder_version=\"4.22.1\" _module_preset=\"default\" disabled=\"on\" global_colors_info=\"{}\"][\/dsm_contact_form_7]","twitter_site":"@Easykit2","twitter_misc":{"Dur\u00e9e de lecture estim\u00e9e":"2 minutes"},"schema":{"@context":"https:\/\/schema.org","@graph":[{"@type":"WebPage","@id":"https:\/\/www.easykit.be\/fr\/lets-connect\/","url":"https:\/\/www.easykit.be\/fr\/lets-connect\/","name":"Let\u2019s connect - EasyKit","isPartOf":{"@id":"https:\/\/www.easykit.be\/fr\/#website"},"datePublished":"2023-11-27T05:27:30+00:00","dateModified":"2024-05-04T08:17:50+00:00","breadcrumb":{"@id":"https:\/\/www.easykit.be\/fr\/lets-connect\/#breadcrumb"},"inLanguage":"fr-FR","potentialAction":[{"@type":"ReadAction","target":["https:\/\/www.easykit.be\/fr\/lets-connect\/"]}]},{"@type":"BreadcrumbList","@id":"https:\/\/www.easykit.be\/fr\/lets-connect\/#breadcrumb","itemListElement":[{"@type":"ListItem","position":1,"name":"Home","item":"https:\/\/www.easykit.be\/fr\/"},{"@type":"ListItem","position":2,"name":"Let\u2019s connect"}]},{"@type":"WebSite","@id":"https:\/\/www.easykit.be\/fr\/#website","url":"https:\/\/www.easykit.be\/fr\/","name":"EasyKit","description":"Slimme zelfbouw","publisher":{"@id":"https:\/\/www.easykit.be\/fr\/#organization"},"alternateName":"Slimme zelfbouw","potentialAction":[{"@type":"SearchAction","target":{"@type":"EntryPoint","urlTemplate":"https:\/\/www.easykit.be\/fr\/?s={search_term_string}"},"query-input":{"@type":"PropertyValueSpecification","valueRequired":true,"valueName":"search_term_string"}}],"inLanguage":"fr-FR"},{"@type":"Organization","@id":"https:\/\/www.easykit.be\/fr\/#organization","name":"EasyKit","alternateName":"Slimme zelfbouw","url":"https:\/\/www.easykit.be\/fr\/","logo":{"@type":"ImageObject","inLanguage":"fr-FR","@id":"https:\/\/www.easykit.be\/fr\/#\/schema\/logo\/image\/","url":"https:\/\/www.easykit.be\/wp-content\/uploads\/2024\/01\/Organization-logo.png","contentUrl":"https:\/\/www.easykit.be\/wp-content\/uploads\/2024\/01\/Organization-logo.png","width":996,"height":996,"caption":"EasyKit"},"image":{"@id":"https:\/\/www.easykit.be\/fr\/#\/schema\/logo\/image\/"},"sameAs":["https:\/\/www.facebook.com\/Easykitnl","https:\/\/x.com\/Easykit2","https:\/\/www.youtube.com\/c\/EasykitBe1","https:\/\/www.instagram.com\/easykit.slimme.zelfbouw\/"]}]}},"publishpress_future_workflow_manual_trigger":{"enabledWorkflows":[]},"_links":{"self":[{"href":"https:\/\/www.easykit.be\/fr\/wp-json\/wp\/v2\/pages\/10703","targetHints":{"allow":["GET"]}}],"collection":[{"href":"https:\/\/www.easykit.be\/fr\/wp-json\/wp\/v2\/pages"}],"about":[{"href":"https:\/\/www.easykit.be\/fr\/wp-json\/wp\/v2\/types\/page"}],"author":[{"embeddable":true,"href":"https:\/\/www.easykit.be\/fr\/wp-json\/wp\/v2\/users\/1"}],"replies":[{"embeddable":true,"href":"https:\/\/www.easykit.be\/fr\/wp-json\/wp\/v2\/comments?post=10703"}],"version-history":[{"count":6,"href":"https:\/\/www.easykit.be\/fr\/wp-json\/wp\/v2\/pages\/10703\/revisions"}],"predecessor-version":[{"id":12013,"href":"https:\/\/www.easykit.be\/fr\/wp-json\/wp\/v2\/pages\/10703\/revisions\/12013"}],"wp:attachment":[{"href":"https:\/\/www.easykit.be\/fr\/wp-json\/wp\/v2\/media?parent=10703"}],"curies":[{"name":"wp","href":"https:\/\/api.w.org\/{rel}","templated":true}]}}